{"id":10109,"date":"2022-08-10T09:44:29","date_gmt":"2022-08-10T14:44:29","guid":{"rendered":"https:\/\/basicas.utp.edu.co\/matematicas\/?page_id=10032"},"modified":"2024-02-20T16:02:06","modified_gmt":"2024-02-20T21:02:06","slug":"inscripciones","status":"publish","type":"page","link":"https:\/\/agroindustria.utp.edu.co\/maestria-en-desarrollo-agroindustrial\/inscripciones\/","title":{"rendered":"INFORMACI\u00d3N PARA INSCRIPCIONES"},"content":{"rendered":"<div class=\"wp-block-image\">\n<figure class=\"aligncenter size-full is-resized\"><img loading=\"lazy\" decoding=\"async\" src=\"https:\/\/media2.utp.edu.co\/programas\/98\/WhatsApp-Image-2024-02-12-at-9.21.50-AM-1-1.jpeg\" alt=\"\" class=\"wp-image-10404\" style=\"width:498px;height:498px\" width=\"498\" height=\"498\" \/><\/figure>\n<\/div>\n\n\n<p class=\"has-text-align-center\"><span class=\"post-content__span\"> Nos complace informar que se encuentran abiertas las inscripciones en el programa de&nbsp;<strong>MAESTR\u00cdA&nbsp;EN DESARROLLO AGROINDUSTRIAL&nbsp;<\/strong>para iniciar en 2024-2.&nbsp;Las clases se ofrecen los d\u00edas viernes de 6:00 p.m. a 10:00 p.m. y los s\u00e1bados de 8:00 a.m. a 4:00 p.m.&nbsp;Se ofrece descuento del 10% por ser egresado y otro 10% por contar con certificado electoral vigente.&nbsp;<\/p>\n\n\n\n<p class=\"has-text-align-center\"><span class=\"post-content__span\"> El costo de la maestr\u00eda baj\u00f3 este a\u00f1o, pasando de 8 SMMLV a 6.8 SMMLV, es decir que en precios de este a\u00f1o, est\u00e1 en $7.888.000, se adjunta documento con opciones de financiaci\u00f3n.&nbsp;En caso de que requieras una reuni\u00f3n con la directora&nbsp;del programa para aclarar m\u00e1s dudas, la podemos programar virtual o presencial.<\/p>\n\n\n\n<div class=\"wp-block-group is-vertical is-layout-flex wp-container-core-group-is-layout-8cf370e7 wp-block-group-is-layout-flex\">\n<div class=\"wp-block-group is-vertical is-content-justification-center is-layout-flex wp-container-core-group-is-layout-73a99bce wp-block-group-is-layout-flex\">\n<p class=\"has-text-align-center\"><span class=\"post-content__span\"> <br><strong>UNIVERSIDAD TECNOL\u00d3GICA DE PEREIRA<\/strong> &#8211; <strong>FACULTAD DE CIENCIAS&nbsp;AGRARIAS Y AGROINDUSTRIA OFRECEN EL PROGRAMA DE:<\/strong><\/p>\n\n\n\n<div class=\"wp-block-group is-vertical is-content-justification-center is-layout-flex wp-container-core-group-is-layout-4b2eccd6 wp-block-group-is-layout-flex\">\n<div class=\"wp-block-group is-vertical is-content-justification-center is-layout-flex wp-container-core-group-is-layout-48c2c4f0 wp-block-group-is-layout-flex\">\n<p class=\"has-text-align-center\"><span class=\"post-content__span\"> <em><strong><u>MAESTR\u00cdA&nbsp;EN&nbsp;DESARROLLO&nbsp;AGROINDUSTRIAL<\/u><\/strong><\/em><\/p>\n\n\n\n<p class=\"has-text-align-center\"><span class=\"post-content__span\"> <em><strong>\u00abDesde lo rural a lo empresarial\u00bb&nbsp;&nbsp;<\/strong><\/em><\/p>\n\n\n\n<p class=\"has-text-align-center\"><span class=\"post-content__span\"> <strong>Fechas del calendario acad\u00e9mico:<\/strong><\/p>\n<\/div>\n<\/div>\n<\/div>\n<\/div>\n\n\n\n<div class=\"wp-block-group is-vertical is-content-justification-center is-layout-flex wp-container-core-group-is-layout-4b2eccd6 wp-block-group-is-layout-flex\">\n<div class=\"wp-block-group\"><div class=\"wp-block-group__inner-container is-layout-constrained wp-block-group-is-layout-constrained\">\n<div class=\"wp-block-group is-vertical is-layout-flex wp-container-core-group-is-layout-8cf370e7 wp-block-group-is-layout-flex\">\n<p class=\"has-text-align-center\"><span class=\"post-content__span\"> <strong>Inscripciones:&nbsp;<\/strong>Del 15 de octubre de 2023 al 17 de junio de 2024<\/p>\n\n\n\n<p class=\"has-text-align-center\"><span class=\"post-content__span\"> <strong>Admisiones:<\/strong>&nbsp;Del 17 al 21 de julio de 2024<\/p>\n\n\n\n<p class=\"has-text-align-center\"><span class=\"post-content__span\"> <strong>Pago matr\u00edcula financiera:&nbsp;<\/strong>Del 21 de junio al 29 de julio de 2024<\/p>\n\n\n\n<p class=\"has-text-align-center\"><span class=\"post-content__span\"> <strong>Inicio de clases:<\/strong>&nbsp;5 de agosto de 2024<\/p>\n<\/div>\n<\/div><\/div>\n<\/div>\n\n\n\n<p class=\"has-text-align-center\"><span class=\"post-content__span\"> Para inscribirte, debes ingresar al siguiente <a href=\"https:\/\/app4.utp.edu.co\/pagos\/pines\/index.php\" data-type=\"URL\" data-id=\"https:\/\/app4.utp.edu.co\/pagos\/pines\/index.php\">link<\/a> para comprar el PIN y seleccionas PIN POSGRADO. Luego, te llega el n\u00famero&nbsp;de pin al correo y empiezas a hacer la inscripci\u00f3n mediante este <a href=\"http:\/\/app4.utp.edu.co\/sigu5\/indexExterno?mod=utp.registroacademico.inscripciones.portalinscrito.ui.extjs&amp;tit=Inscripciones.\" data-type=\"URL\" data-id=\"http:\/\/app4.utp.edu.co\/sigu5\/indexExterno?mod=utp.registroacademico.inscripciones.portalinscrito.ui.extjs&amp;tit=Inscripciones.\">link<\/a>.<\/p>\n\n\n\n<h2 class=\"wp-block-heading\">CALENDARIO DE INSCRIPCIONES 2024-2:<\/h2>\n\n\n\n<h2 class=\"wp-block-heading\">PROCESO DE INSCRIPCI\u00d3N:<\/h2>\n\n\n\n<div class=\"wp-block-columns is-layout-flex wp-container-core-columns-is-layout-9d6595d7 wp-block-columns-is-layout-flex\">\n<div class=\"wp-block-column is-layout-flow wp-block-column-is-layout-flow\">\n<div class=\"wp-block-columns is-layout-flex wp-container-core-columns-is-layout-9d6595d7 wp-block-columns-is-layout-flex\">\n<div class=\"wp-block-column is-layout-flow wp-block-column-is-layout-flow\">\n<figure class=\"wp-block-image size-large\"><img decoding=\"async\" src=\"https:\/\/media2.utp.edu.co\/imagenes\/paso1.png\" alt=\"Paso 1\" \/><\/figure>\n<\/div>\n\n\n\n<div class=\"wp-block-column is-layout-flow wp-block-column-is-layout-flow\">\n<p><span class=\"post-content__span\"> Realizar <strong><a rel=\"noreferrer noopener\" href=\"http:\/\/app4.utp.edu.co\/sigu2\/indexExterno?mod=utp.registroacademico.inscripciones.portalinscrito.ui.extjs&amp;tit=Inscripciones\" target=\"_blank\">inscripci\u00f3n<\/a><\/strong><\/p>\n<\/div>\n<\/div>\n<\/div>\n\n\n\n<div class=\"wp-block-column is-layout-flow wp-block-column-is-layout-flow\">\n<p><span class=\"post-content__span\"> <strong>\u00bfC\u00f3mo se realiza la inscripci\u00f3n?&nbsp;<\/strong><\/p>\n\n\n\n<p><span class=\"post-content__span\"> Desde cualquier parte del pa\u00eds donde se encuentre el aspirante, debe tener en cuenta:&nbsp;<\/p>\n\n\n\n<p><span class=\"post-content__span\"> 1. Comprar un pin en: <\/p>\n\n\n\n<p><span class=\"post-content__span\"> \u25cf Banco Popular (Cuenta de ahorros n\u00famero 47000624-8, a nombre de la Universidad Tecnol\u00f3gica de Pereira.) <\/p>\n\n\n\n<p><span class=\"post-content__span\"> \u25cf En la Cooperativa Favi que se encuentra ubicada en la Universidad Tecnol\u00f3gica de Pereira.<\/p>\n\n\n\n<p><span class=\"post-content__span\"> \u25cf Realizando compra en <a href=\"https:\/\/app4.utp.edu.co\/pagos\/pines\/index.php\" data-type=\"URL\" data-id=\"https:\/\/app4.utp.edu.co\/pagos\/pines\/index.php\">L\u00cdNEA<\/a>. Seleccionar la opci\u00f3n \u00abINSCRIPCI\u00d3N POSGRADO\u00bb y continuar diligenciando la informaci\u00f3n. &nbsp;<\/p>\n<\/div>\n<\/div>\n\n\n\n<hr class=\"wp-block-separator has-alpha-channel-opacity\" \/>\n\n\n\n<div class=\"wp-block-columns is-layout-flex wp-container-core-columns-is-layout-9d6595d7 wp-block-columns-is-layout-flex\">\n<div class=\"wp-block-column is-layout-flow wp-block-column-is-layout-flow\">\n<p class=\"has-text-align-left\"><span class=\"post-content__span\"> 2. Ingresar a la p\u00e1gina web <a rel=\"noreferrer noopener\" href=\"http:\/\/www.utp.edu.co\/inscripciones\" target=\"_blank\">www.utp.edu.co\/inscripciones<\/a> paso No 3 (ingresar documentos) con su PIN de inscripci\u00f3n y documento de identidad y cargar los documentos que son requisito de inscripci\u00f3n.&nbsp;<\/p>\n<\/div>\n\n\n\n<div class=\"wp-block-column is-layout-flow wp-block-column-is-layout-flow\">\n<div class=\"wp-block-columns is-layout-flex wp-container-core-columns-is-layout-9d6595d7 wp-block-columns-is-layout-flex\">\n<div class=\"wp-block-column is-layout-flow wp-block-column-is-layout-flow\">\n<p><span class=\"post-content__span\"> Cargar <strong><a rel=\"noreferrer noopener\" href=\"http:\/\/app4.utp.edu.co\/MatAcad\/inscripcionesUTP\/estadoAdmDig.php\" target=\"_blank\">documentos<\/a><\/strong> <\/p>\n<\/div>\n\n\n\n<div class=\"wp-block-column is-layout-flow wp-block-column-is-layout-flow\">\n<figure class=\"wp-block-image size-large\"><img decoding=\"async\" src=\"https:\/\/media2.utp.edu.co\/imagenes\/paso2.png\" alt=\"Paso 2\" \/><\/figure>\n<\/div>\n<\/div>\n<\/div>\n<\/div>\n\n\n\n<hr class=\"wp-block-separator has-alpha-channel-opacity\" \/>\n\n\n\n<div class=\"wp-block-columns is-layout-flex wp-container-core-columns-is-layout-9d6595d7 wp-block-columns-is-layout-flex\">\n<div class=\"wp-block-column is-layout-flow wp-block-column-is-layout-flow\">\n<div class=\"wp-block-columns is-layout-flex wp-container-core-columns-is-layout-9d6595d7 wp-block-columns-is-layout-flex\">\n<div class=\"wp-block-column is-layout-flow wp-block-column-is-layout-flow\">\n<figure class=\"wp-block-image size-large\"><img decoding=\"async\" src=\"https:\/\/media2.utp.edu.co\/imagenes\/paso3.png\" alt=\"Paso 3\" \/><\/figure>\n<\/div>\n\n\n\n<div class=\"wp-block-column is-layout-flow wp-block-column-is-layout-flow\">\n<p><span class=\"post-content__span\"> Estar pendiente de la citaci\u00f3n a ENTREVISTA<\/p>\n<\/div>\n<\/div>\n<\/div>\n\n\n\n<div class=\"wp-block-column is-layout-flow wp-block-column-is-layout-flow\">\n<p><span class=\"post-content__span\"> 3. Desde la direcci\u00f3n del programa se agenda ENTREVISTA con cada inscrito dependiendo de la disponibilidad de la directora del programa y de cada inscrito.<\/p>\n<\/div>\n<\/div>\n\n\n\n<hr class=\"wp-block-separator has-alpha-channel-opacity\" \/>\n\n\n\n<div class=\"wp-block-columns is-layout-flex wp-container-core-columns-is-layout-9d6595d7 wp-block-columns-is-layout-flex\">\n<div class=\"wp-block-column is-layout-flow wp-block-column-is-layout-flow\">\n<p><span class=\"post-content__span\"> 4. El d\u00eda 21 de julio de 2024 se env\u00eda al correo de cada inscrito la notificaci\u00f3n de admisi\u00f3n en el programa. En caso de ser admitido, puede descargar el recibo de pago a partir del 21 de junio de 2024, y se puede pagar hasta el 29 de julio de 2024.<\/p>\n<\/div>\n\n\n\n<div class=\"wp-block-column is-layout-flow wp-block-column-is-layout-flow\">\n<div class=\"wp-block-columns is-layout-flex wp-container-core-columns-is-layout-9d6595d7 wp-block-columns-is-layout-flex\">\n<div class=\"wp-block-column is-layout-flow wp-block-column-is-layout-flow\">\n<p><span class=\"post-content__span\"> Publicaci\u00f3n de admitidos y  descarga del <strong><a rel=\"noreferrer noopener\" href=\"http:\/\/app4.utp.edu.co\/pagos\/recibos\/indexPrim.php\" target=\"_blank\">recibo de pago<\/a><\/strong><\/p>\n<\/div>\n\n\n\n<div class=\"wp-block-column is-layout-flow wp-block-column-is-layout-flow\">\n<figure class=\"wp-block-image size-large\"><img decoding=\"async\" src=\"https:\/\/media2.utp.edu.co\/imagenes\/paso4.png\" alt=\"Paso 4\" \/><\/figure>\n<\/div>\n<\/div>\n<\/div>\n<\/div>\n\n\n\n<p><span class=\"post-content__span\"> <a href=\"https:\/\/media2.utp.edu.co\/archivos\/Preguntas%20Frecuentes%20Posgrado%202021.pdf\"><strong>Preguntas Frecuentes <\/strong><\/a><\/p>\n\n\n\n<p><span class=\"post-content__span\"> <\/p>\n\n\n\n<p class=\"has-text-align-center\"><span class=\"post-content__span\"> En caso de inquietudes adicionales, escr\u00edbenos al\u00a0<a href=\"http:\/\/wa.me\/+573234300712\">whatsapp<\/a>\u00a0o al correo del programa: mag-desarrolloagro@utp.edu.co<\/p>\n\n\n\n<p><span class=\"post-content__span\"> <\/p>\n\n\n\n<p><span class=\"post-content__span\"> <\/p>\n","protected":false},"excerpt":{"rendered":"<p>Nos complace informar que se encuentran abiertas las inscripciones en el programa de&nbsp;MAESTR\u00cdA&nbsp;EN DESARROLLO AGROINDUSTRIAL&nbsp;para iniciar en 2024-2.&nbsp;Las clases se [&hellip;]<\/p>\n","protected":false},"author":1,"featured_media":0,"parent":0,"menu_order":0,"comment_status":"closed","ping_status":"closed","template":"","meta":{"footnotes":""},"class_list":["post-10109","page","type-page","status-publish","hentry"],"_links":{"self":[{"href":"https:\/\/agroindustria.utp.edu.co\/maestria-en-desarrollo-agroindustrial\/wp-json\/wp\/v2\/pages\/10109","targetHints":{"allow":["GET"]}}],"collection":[{"href":"https:\/\/agroindustria.utp.edu.co\/maestria-en-desarrollo-agroindustrial\/wp-json\/wp\/v2\/pages"}],"about":[{"href":"https:\/\/agroindustria.utp.edu.co\/maestria-en-desarrollo-agroindustrial\/wp-json\/wp\/v2\/types\/page"}],"author":[{"embeddable":true,"href":"https:\/\/agroindustria.utp.edu.co\/maestria-en-desarrollo-agroindustrial\/wp-json\/wp\/v2\/users\/1"}],"replies":[{"embeddable":true,"href":"https:\/\/agroindustria.utp.edu.co\/maestria-en-desarrollo-agroindustrial\/wp-json\/wp\/v2\/comments?post=10109"}],"version-history":[{"count":11,"href":"https:\/\/agroindustria.utp.edu.co\/maestria-en-desarrollo-agroindustrial\/wp-json\/wp\/v2\/pages\/10109\/revisions"}],"predecessor-version":[{"id":10406,"href":"https:\/\/agroindustria.utp.edu.co\/maestria-en-desarrollo-agroindustrial\/wp-json\/wp\/v2\/pages\/10109\/revisions\/10406"}],"wp:attachment":[{"href":"https:\/\/agroindustria.utp.edu.co\/maestria-en-desarrollo-agroindustrial\/wp-json\/wp\/v2\/media?parent=10109"}],"curies":[{"name":"wp","href":"https:\/\/api.w.org\/{rel}","templated":true}]}}