{"id":177,"date":"2022-11-29T11:32:23","date_gmt":"2022-11-29T16:32:23","guid":{"rendered":"https:\/\/agroindustria.utp.edu.co\/conveniomadr\/?page_id=177"},"modified":"2022-12-16T01:57:13","modified_gmt":"2022-12-16T06:57:13","slug":"santa-rosa-del-sur","status":"publish","type":"page","link":"https:\/\/agroindustria.utp.edu.co\/conveniomadr\/departamentos\/bolivar\/santa-rosa-del-sur\/","title":{"rendered":"Santa Rosa del Sur"},"content":{"rendered":"\n<div class=\"wp-block-columns has-background is-layout-flex wp-container-core-columns-is-layout-9d6595d7 wp-block-columns-is-layout-flex\" style=\"background-color:#f2f2f2\">\n<div class=\"wp-block-column is-layout-flow wp-block-column-is-layout-flow\">\n<h3 class=\"has-text-align-center has-white-color has-text-color has-background wp-block-heading\" style=\"background-color:#4c591e\">Localizaci\u00f3n y \u00e1rea geogr\u00e1fica<\/h3>\n\n\n\n<div class=\"wp-block-columns is-layout-flex wp-container-core-columns-is-layout-9d6595d7 wp-block-columns-is-layout-flex\">\n<div class=\"wp-block-column is-layout-flow wp-block-column-is-layout-flow\"><div class=\"wp-block-image\">\n<figure class=\"aligncenter size-full\"><img loading=\"lazy\" decoding=\"async\" width=\"516\" height=\"289\" src=\"https:\/\/media2.utp.edu.co\/programas\/111\/2022\/12\/1.-limites-SRS.jpg\" alt=\"\" class=\"wp-image-688\" srcset=\"https:\/\/media2.utp.edu.co\/programas\/111\/2022\/12\/1.-limites-SRS.jpg 516w, https:\/\/media2.utp.edu.co\/programas\/111\/2022\/12\/1.-limites-SRS-300x168.jpg 300w\" sizes=\"auto, (max-width: 516px) 100vw, 516px\" \/><\/figure>\n<\/div><\/div>\n\n\n\n<div class=\"wp-block-column is-layout-flow wp-block-column-is-layout-flow\">\n<p class=\"has-medium-font-size\">El municipio de Santa Rosa del Sur est\u00e1 ubicado al sur del Departamento de Bol\u00edvar, insertado en las estribaciones de la Cordillera Central, en el coraz\u00f3n de la Serran\u00eda de San Lucas, entre los paralelos 7\u00ba 57&#8242; 56\u201d de latitud Norte, 74\u00ba3&#8242; 13\u201d de latitud Oeste. <\/p>\n\n\n\n<p class=\"has-medium-font-size\">Se encuentra a 650 Kil\u00f3metros de la Capital del Departamento, cuenta con una extensi\u00f3n total de 2.800 Km<sup>2<\/sup>, una extensi\u00f3n del \u00e1rea urbana de 1,5 Km<sup>2<\/sup>, una extensi\u00f3n del \u00e1rea rural de 2.798,5 Km<sup>2<\/sup>, una altura promedio de 650 msnm y una temperatura media de 26\u00b0C<\/p>\n<\/div>\n<\/div>\n<\/div>\n<\/div>\n\n\n\n<div class=\"wp-block-columns has-background is-layout-flex wp-container-core-columns-is-layout-9d6595d7 wp-block-columns-is-layout-flex\" style=\"background-color:#f2f2f2\">\n<div class=\"wp-block-column is-layout-flow wp-block-column-is-layout-flow\">\n<h3 class=\"has-text-align-center has-white-color has-text-color has-background wp-block-heading\" style=\"background-color:#4c591e\">Poblaci\u00f3n y dispersi\u00f3n<\/h3>\n\n\n\n<div class=\"wp-block-columns is-layout-flex wp-container-core-columns-is-layout-9d6595d7 wp-block-columns-is-layout-flex\">\n<div class=\"wp-block-column is-layout-flow wp-block-column-is-layout-flow\"><div class=\"wp-block-image\">\n<figure class=\"aligncenter size-full\"><img loading=\"lazy\" decoding=\"async\" width=\"752\" height=\"452\" src=\"https:\/\/media2.utp.edu.co\/programas\/111\/2022\/12\/2.-Dispersion-SRS.jpg\" alt=\"\" class=\"wp-image-689\" srcset=\"https:\/\/media2.utp.edu.co\/programas\/111\/2022\/12\/2.-Dispersion-SRS.jpg 752w, https:\/\/media2.utp.edu.co\/programas\/111\/2022\/12\/2.-Dispersion-SRS-300x180.jpg 300w\" sizes=\"auto, (max-width: 752px) 100vw, 752px\" \/><\/figure>\n<\/div><\/div>\n\n\n\n<div class=\"wp-block-column is-layout-flow wp-block-column-is-layout-flow\">\n<p class=\"has-medium-font-size\">Seg\u00fan proyecciones del Censo Nacional de Poblaci\u00f3n y Vivienda 2018, la densidad poblacional del municipio es de 13,70 habitantes por Km<sup>2<\/sup>. <\/p>\n\n\n\n<p class=\"has-medium-font-size\">Adicionalmente, el municipio tiene un total de 32.646 habitantes, en donde la zona rural del municipio alberga el 41,1% de la poblaci\u00f3n total, mientras que la zona urbana concentra el 58,9% de la poblaci\u00f3n (DANE, 2022). A su vez, el 52,3% de la poblaci\u00f3n corresponden a hombres y el 47,7% corresponden a mujeres.<\/p>\n<\/div>\n<\/div>\n<\/div>\n<\/div>\n\n\n\n<div class=\"wp-block-columns has-background is-layout-flex wp-container-core-columns-is-layout-9d6595d7 wp-block-columns-is-layout-flex\" style=\"background-color:#f2f2f2\">\n<div class=\"wp-block-column is-layout-flow wp-block-column-is-layout-flow\">\n<h3 class=\"has-text-align-center has-white-color has-text-color has-background wp-block-heading\" style=\"background-color:#4c591e\">Cadenas productivas priorizadas en el municipio<\/h3>\n\n\n\n<div class=\"wp-block-columns is-layout-flex wp-container-core-columns-is-layout-9d6595d7 wp-block-columns-is-layout-flex\">\n<div class=\"wp-block-column is-layout-flow wp-block-column-is-layout-flow\"><div class=\"wp-block-image\">\n<figure class=\"aligncenter size-full\"><img loading=\"lazy\" decoding=\"async\" width=\"654\" height=\"483\" src=\"https:\/\/media2.utp.edu.co\/programas\/111\/2022\/12\/cacao-5.jpg\" alt=\"\" class=\"wp-image-476\" srcset=\"https:\/\/media2.utp.edu.co\/programas\/111\/2022\/12\/cacao-5.jpg 654w, https:\/\/media2.utp.edu.co\/programas\/111\/2022\/12\/cacao-5-300x222.jpg 300w\" sizes=\"auto, (max-width: 654px) 100vw, 654px\" \/><\/figure>\n<\/div><\/div>\n\n\n\n<div class=\"wp-block-column is-layout-flow wp-block-column-is-layout-flow\">\n<p class=\"has-medium-font-size\">El municipio de Santa Rosa del Sur produce el 12% del total de cultivos transitorios y el 17% de los permanentes en el departamento. La proporci\u00f3n de cultivos transitorios cosechados es del 22% frente a un 78% del \u00e1rea de cosechada de cultivos permanentes. Esta mayor producci\u00f3n en permanentes en relaci\u00f3n a los transitorios, obedece principalmente al fomento que ha tenido el cultivo de cacao y caf\u00e9 durante los \u00faltimos 15 a\u00f1os (Alcald\u00eda Municipal de Santa Rosa del Sur, 2022). Para el a\u00f1o 2020, el municipio contaba con 3.000 hect\u00e1reas sembradas, 1.300 hect\u00e1reas cosechadas, una producci\u00f3n de 650 toneladas y un rendimiento de 0,5 toneladas por hect\u00e1rea (MinAgricultura, 2022).<\/p>\n\n\n\n<p class=\"has-medium-font-size\">Se destaca el cultivo de cacao variedad CCN 51, con un \u00e1rea promedio cultivada de 2,3 hect\u00e1reas, asociado con cultivos de caf\u00e9, ca\u00f1a y pasto; en una altura promedio de 911 msnm. Asimismo, en este municipio existe una alta vinculaci\u00f3n familiar en las actividades productivas de los predios, con una participaci\u00f3n del 97%.<\/p>\n<\/div>\n<\/div>\n<\/div>\n<\/div>\n\n\n\n<div class=\"wp-block-columns has-background is-layout-flex wp-container-core-columns-is-layout-9d6595d7 wp-block-columns-is-layout-flex\" style=\"background-color:#f2f2f2\">\n<div class=\"wp-block-column is-layout-flow wp-block-column-is-layout-flow\">\n<h3 class=\"has-text-align-center has-white-color has-text-color has-background wp-block-heading\" style=\"background-color:#4c591e\">Producci\u00f3n org\u00e1nica y baja en carbono<\/h3>\n\n\n\n<div class=\"wp-block-columns is-layout-flex wp-container-core-columns-is-layout-9d6595d7 wp-block-columns-is-layout-flex\">\n<div class=\"wp-block-column is-layout-flow wp-block-column-is-layout-flow\"><div class=\"wp-block-image\">\n<figure class=\"aligncenter size-full\"><img loading=\"lazy\" decoding=\"async\" width=\"811\" height=\"508\" src=\"https:\/\/media2.utp.edu.co\/programas\/111\/2022\/12\/3.-produccion-org-SRS.jpg\" alt=\"\" class=\"wp-image-690\" srcset=\"https:\/\/media2.utp.edu.co\/programas\/111\/2022\/12\/3.-produccion-org-SRS.jpg 811w, https:\/\/media2.utp.edu.co\/programas\/111\/2022\/12\/3.-produccion-org-SRS-300x188.jpg 300w, https:\/\/media2.utp.edu.co\/programas\/111\/2022\/12\/3.-produccion-org-SRS-768x481.jpg 768w\" sizes=\"auto, (max-width: 811px) 100vw, 811px\" \/><\/figure>\n<\/div><\/div>\n\n\n\n<div class=\"wp-block-column is-layout-flow wp-block-column-is-layout-flow\">\n<p class=\"has-medium-font-size\">En lo concerniente a la producci\u00f3n org\u00e1nica y baja en carbono, seg\u00fan resultados de los pilotos, se obtuvieron puntajes relativamente altos; se puede afirmar que el municipio se realiza un adecuado manejo integrado de plagas y enfermedades; adicionalmente, se cuenta con el apoyo de instituciones para el fomento de la sostenibilidad (social, ambiental, econ\u00f3mica).<\/p>\n\n\n\n<p class=\"has-medium-font-size\">Adem\u00e1s, es evidente un aprovechamiento integral del recurso h\u00eddrico, ya que, en el municipio, seg\u00fan los resultados del plan piloto, como fuente de agua utilizan principalmente los aljibes.<\/p>\n<\/div>\n<\/div>\n<\/div>\n<\/div>\n\n\n\n<div class=\"wp-block-columns has-background is-layout-flex wp-container-core-columns-is-layout-9d6595d7 wp-block-columns-is-layout-flex\" style=\"background-color:#f2f2f2\">\n<div class=\"wp-block-column is-layout-flow wp-block-column-is-layout-flow\">\n<h3 class=\"has-text-align-center has-white-color has-text-color has-background wp-block-heading\" style=\"background-color:#4c591e\">Brechas a cerrar conforme a la clasificaci\u00f3n de usuarios<\/h3>\n\n\n\n<div class=\"wp-block-columns is-layout-flex wp-container-core-columns-is-layout-9d6595d7 wp-block-columns-is-layout-flex\">\n<div class=\"wp-block-column is-layout-flow wp-block-column-is-layout-flow\"><div class=\"wp-block-image\">\n<figure class=\"aligncenter size-full\"><img loading=\"lazy\" decoding=\"async\" width=\"847\" height=\"551\" src=\"https:\/\/media2.utp.edu.co\/programas\/111\/2022\/12\/4.-Brechas-SRS.jpg\" alt=\"\" class=\"wp-image-691\" srcset=\"https:\/\/media2.utp.edu.co\/programas\/111\/2022\/12\/4.-Brechas-SRS.jpg 847w, https:\/\/media2.utp.edu.co\/programas\/111\/2022\/12\/4.-Brechas-SRS-300x195.jpg 300w, https:\/\/media2.utp.edu.co\/programas\/111\/2022\/12\/4.-Brechas-SRS-768x500.jpg 768w\" sizes=\"auto, (max-width: 847px) 100vw, 847px\" \/><figcaption>Santa Rosa del Sur es uno de los municipios con mejor calificaci\u00f3n en los aspectos para la clasificaci\u00f3n de usuarios, donde se observan puntajes superiores a 2,5 en todos los subsistemas, con excepci\u00f3n de las categor\u00edas de TIC, donde la actividad m\u00e1s destacada corresponde a las actividades de investigaci\u00f3n (34), mientras que la participaci\u00f3n con los actores del SNIA recibi\u00f3 la menor calificaci\u00f3n con 1,4 puntos<\/figcaption><\/figure>\n<\/div>\n\n<div class=\"wp-block-image\">\n<figure class=\"aligncenter size-full\"><img loading=\"lazy\" decoding=\"async\" width=\"713\" height=\"433\" src=\"https:\/\/media2.utp.edu.co\/programas\/111\/2022\/12\/6.-ASOCIATIVIDAD-SRS.jpg\" alt=\"\" class=\"wp-image-693\" srcset=\"https:\/\/media2.utp.edu.co\/programas\/111\/2022\/12\/6.-ASOCIATIVIDAD-SRS.jpg 713w, https:\/\/media2.utp.edu.co\/programas\/111\/2022\/12\/6.-ASOCIATIVIDAD-SRS-300x182.jpg 300w\" sizes=\"auto, (max-width: 713px) 100vw, 713px\" \/><figcaption>Para el aspecto de asociatividad, la promoci\u00f3n de la asociatividad (27) fue la pregunta mejor valorada, mientras que la participaci\u00f3n en programas\/fondos (23) fue la de menor puntaje.<\/figcaption><\/figure>\n<\/div>\n\n<div class=\"wp-block-image\">\n<figure class=\"aligncenter size-full\"><img loading=\"lazy\" decoding=\"async\" width=\"821\" height=\"519\" src=\"https:\/\/media2.utp.edu.co\/programas\/111\/2022\/12\/8.-TIC-SRS.jpg\" alt=\"\" class=\"wp-image-695\" srcset=\"https:\/\/media2.utp.edu.co\/programas\/111\/2022\/12\/8.-TIC-SRS.jpg 821w, https:\/\/media2.utp.edu.co\/programas\/111\/2022\/12\/8.-TIC-SRS-300x190.jpg 300w, https:\/\/media2.utp.edu.co\/programas\/111\/2022\/12\/8.-TIC-SRS-768x485.jpg 768w\" sizes=\"auto, (max-width: 821px) 100vw, 821px\" \/><figcaption>Para el aspecto de TIC, la implementaci\u00f3n de actividades de I+D+i por parte de las instituciones agropecuarias (34) fue la pregunta mejor valorada, mientras que la participaci\u00f3n en proyectos con los actores del SNIA de la regi\u00f3n relacionados con I+D+i y transferencia de tecnolog\u00eda (43) fue la de menor puntaje.<\/figcaption><\/figure>\n<\/div><\/div>\n\n\n\n<div class=\"wp-block-column is-layout-flow wp-block-column-is-layout-flow\"><div class=\"wp-block-image\">\n<figure class=\"aligncenter size-large\"><img loading=\"lazy\" decoding=\"async\" width=\"1024\" height=\"435\" src=\"https:\/\/media2.utp.edu.co\/programas\/111\/2022\/12\/5.-ASIST-TECN-SRS-1024x435.jpg\" alt=\"\" class=\"wp-image-692\" srcset=\"https:\/\/media2.utp.edu.co\/programas\/111\/2022\/12\/5.-ASIST-TECN-SRS-1024x435.jpg 1024w, https:\/\/media2.utp.edu.co\/programas\/111\/2022\/12\/5.-ASIST-TECN-SRS-300x127.jpg 300w, https:\/\/media2.utp.edu.co\/programas\/111\/2022\/12\/5.-ASIST-TECN-SRS-768x326.jpg 768w, https:\/\/media2.utp.edu.co\/programas\/111\/2022\/12\/5.-ASIST-TECN-SRS.jpg 1064w\" sizes=\"auto, (max-width: 1024px) 100vw, 1024px\" \/><figcaption>Para el aspecto de asistencia t\u00e9cnica, el manejo integrado de plagas y enfermedades (70) fue la pregunta mejor valorada, mientras que el registro de m\u00e1quinas y m\u00e9todos (56) fue la de menor puntaje.<\/figcaption><\/figure>\n<\/div>\n\n<div class=\"wp-block-image\">\n<figure class=\"aligncenter size-full\"><img loading=\"lazy\" decoding=\"async\" width=\"821\" height=\"485\" src=\"https:\/\/media2.utp.edu.co\/programas\/111\/2022\/12\/7.-Membresia-SJN.jpg\" alt=\"\" class=\"wp-image-694\" srcset=\"https:\/\/media2.utp.edu.co\/programas\/111\/2022\/12\/7.-Membresia-SJN.jpg 821w, https:\/\/media2.utp.edu.co\/programas\/111\/2022\/12\/7.-Membresia-SJN-300x177.jpg 300w, https:\/\/media2.utp.edu.co\/programas\/111\/2022\/12\/7.-Membresia-SJN-768x454.jpg 768w\" sizes=\"auto, (max-width: 821px) 100vw, 821px\" \/><figcaption>Para el municipio de Santa Rosa del Sur se encontr\u00f3 que existe un 97% de presencia de mano de obra familiar, mientras que el 57% de los encuestados manifiesta que pertenece a alguna figura colectiva agropecuaria.<\/figcaption><\/figure>\n<\/div>\n\n<div class=\"wp-block-image\">\n<figure class=\"aligncenter size-full\"><img loading=\"lazy\" decoding=\"async\" width=\"811\" height=\"508\" src=\"https:\/\/media2.utp.edu.co\/programas\/111\/2022\/12\/9.-AMBIENT-SRS.jpg\" alt=\"\" class=\"wp-image-696\" srcset=\"https:\/\/media2.utp.edu.co\/programas\/111\/2022\/12\/9.-AMBIENT-SRS.jpg 811w, https:\/\/media2.utp.edu.co\/programas\/111\/2022\/12\/9.-AMBIENT-SRS-300x188.jpg 300w, https:\/\/media2.utp.edu.co\/programas\/111\/2022\/12\/9.-AMBIENT-SRS-768x481.jpg 768w\" sizes=\"auto, (max-width: 811px) 100vw, 811px\" \/><figcaption>Para el aspecto Ambiental, el manejo integrado de plagas y enfermedades (70) fue la pregunta mejor valorada, mientras que la realizaci\u00f3n de an\u00e1lisis de agua (69) fue la de menor puntaje.<\/figcaption><\/figure>\n<\/div><\/div>\n<\/div>\n\n\n\n<div class=\"wp-block-columns is-layout-flex wp-container-core-columns-is-layout-9d6595d7 wp-block-columns-is-layout-flex\">\n<div class=\"wp-block-column is-layout-flow wp-block-column-is-layout-flow\"><div class=\"wp-block-image\">\n<figure class=\"aligncenter size-full\"><img loading=\"lazy\" decoding=\"async\" width=\"661\" height=\"435\" src=\"https:\/\/media2.utp.edu.co\/programas\/111\/2022\/12\/10.-Fuente-de-agua-SRS.jpg\" alt=\"\" class=\"wp-image-697\" srcset=\"https:\/\/media2.utp.edu.co\/programas\/111\/2022\/12\/10.-Fuente-de-agua-SRS.jpg 661w, https:\/\/media2.utp.edu.co\/programas\/111\/2022\/12\/10.-Fuente-de-agua-SRS-300x197.jpg 300w\" sizes=\"auto, (max-width: 661px) 100vw, 661px\" \/><figcaption>Seg\u00fan los encuestados, como fuente de agua utilizan principalmente los aljibes.<\/figcaption><\/figure>\n<\/div><\/div>\n\n\n\n<div class=\"wp-block-column is-layout-flow wp-block-column-is-layout-flow\"><div class=\"wp-block-image\">\n<figure class=\"aligncenter size-full\"><img loading=\"lazy\" decoding=\"async\" width=\"752\" height=\"438\" src=\"https:\/\/media2.utp.edu.co\/programas\/111\/2022\/12\/11.-POLIT-PUBL-SRS.jpg\" alt=\"\" class=\"wp-image-698\" srcset=\"https:\/\/media2.utp.edu.co\/programas\/111\/2022\/12\/11.-POLIT-PUBL-SRS.jpg 752w, https:\/\/media2.utp.edu.co\/programas\/111\/2022\/12\/11.-POLIT-PUBL-SRS-300x175.jpg 300w\" sizes=\"auto, (max-width: 752px) 100vw, 752px\" \/><figcaption>Para el aspecto de Pol\u00edtica P\u00fablica, el conocimiento sobre la prestaci\u00f3n del servicio de extensi\u00f3n agropecuaria (25) fue la pregunta mejor valorada, mientras que la gesti\u00f3n de la UMATA para articulaci\u00f3n con instituciones agropecuarias p\u00fablicas o privadas (33) fue la de menor puntaje.<\/figcaption><\/figure>\n<\/div><\/div>\n<\/div>\n<\/div>\n<\/div>\n\n\n\n<div class=\"wp-block-columns has-background is-layout-flex wp-container-core-columns-is-layout-9d6595d7 wp-block-columns-is-layout-flex\" style=\"background-color:#f2f2f2\">\n<div class=\"wp-block-column is-layout-flow wp-block-column-is-layout-flow\">\n<h3 class=\"has-text-align-center has-white-color has-text-color has-background wp-block-heading\" style=\"background-color:#4c591e\">Acceso a TIC\u2019s<\/h3>\n\n\n\n<div class=\"wp-block-columns is-layout-flex wp-container-core-columns-is-layout-9d6595d7 wp-block-columns-is-layout-flex\">\n<div class=\"wp-block-column is-layout-flow wp-block-column-is-layout-flow\"><div class=\"wp-block-image\">\n<figure class=\"aligncenter size-full\"><img loading=\"lazy\" decoding=\"async\" width=\"823\" height=\"349\" src=\"https:\/\/media2.utp.edu.co\/programas\/111\/2022\/12\/12.-acceso-a-TIC-SRS.jpg\" alt=\"\" class=\"wp-image-699\" srcset=\"https:\/\/media2.utp.edu.co\/programas\/111\/2022\/12\/12.-acceso-a-TIC-SRS.jpg 823w, https:\/\/media2.utp.edu.co\/programas\/111\/2022\/12\/12.-acceso-a-TIC-SRS-300x127.jpg 300w, https:\/\/media2.utp.edu.co\/programas\/111\/2022\/12\/12.-acceso-a-TIC-SRS-768x326.jpg 768w\" sizes=\"auto, (max-width: 823px) 100vw, 823px\" \/><\/figure>\n<\/div><\/div>\n\n\n\n<div class=\"wp-block-column is-layout-flow wp-block-column-is-layout-flow\">\n<p class=\"has-medium-font-size\">En lo concerniente al acceso a TIC\u00b4s, se obtuvo valores muy bajos; sin embargo, la participaci\u00f3n constante en procesos de capacitaci\u00f3n\/cualificaci\u00f3n sobre el sector productivo y nuevos modelos de negocio (57) fue la pregunta mejor valorada, mientras que el registro de m\u00e1quinas\/equipos y m\u00e9todos de producci\u00f3n (56) fue la de menor puntaje.<\/p>\n<\/div>\n<\/div>\n<\/div>\n<\/div>\n","protected":false},"excerpt":{"rendered":"<p>Localizaci\u00f3n y \u00e1rea geogr\u00e1fica El municipio de Santa Rosa del Sur est\u00e1 ubicado al sur del Departamento de Bol\u00edvar, insertado en las estribaciones de la Cordillera Central, en el coraz\u00f3n de la Serran\u00eda de San [&hellip;]<\/p>\n","protected":false},"author":37,"featured_media":0,"parent":154,"menu_order":0,"comment_status":"closed","ping_status":"closed","template":"","meta":{"footnotes":""},"class_list":["post-177","page","type-page","status-publish","hentry"],"_links":{"self":[{"href":"https:\/\/agroindustria.utp.edu.co\/conveniomadr\/wp-json\/wp\/v2\/pages\/177","targetHints":{"allow":["GET"]}}],"collection":[{"href":"https:\/\/agroindustria.utp.edu.co\/conveniomadr\/wp-json\/wp\/v2\/pages"}],"about":[{"href":"https:\/\/agroindustria.utp.edu.co\/conveniomadr\/wp-json\/wp\/v2\/types\/page"}],"author":[{"embeddable":true,"href":"https:\/\/agroindustria.utp.edu.co\/conveniomadr\/wp-json\/wp\/v2\/users\/37"}],"replies":[{"embeddable":true,"href":"https:\/\/agroindustria.utp.edu.co\/conveniomadr\/wp-json\/wp\/v2\/comments?post=177"}],"version-history":[{"count":11,"href":"https:\/\/agroindustria.utp.edu.co\/conveniomadr\/wp-json\/wp\/v2\/pages\/177\/revisions"}],"predecessor-version":[{"id":744,"href":"https:\/\/agroindustria.utp.edu.co\/conveniomadr\/wp-json\/wp\/v2\/pages\/177\/revisions\/744"}],"up":[{"embeddable":true,"href":"https:\/\/agroindustria.utp.edu.co\/conveniomadr\/wp-json\/wp\/v2\/pages\/154"}],"wp:attachment":[{"href":"https:\/\/agroindustria.utp.edu.co\/conveniomadr\/wp-json\/wp\/v2\/media?parent=177"}],"curies":[{"name":"wp","href":"https:\/\/api.w.org\/{rel}","templated":true}]}}