{"id":175,"date":"2022-11-29T11:31:32","date_gmt":"2022-11-29T16:31:32","guid":{"rendered":"https:\/\/agroindustria.utp.edu.co\/conveniomadr\/?page_id=175"},"modified":"2022-12-16T01:57:50","modified_gmt":"2022-12-16T06:57:50","slug":"jurado","status":"publish","type":"page","link":"https:\/\/agroindustria.utp.edu.co\/conveniomadr\/departamentos\/choco\/jurado\/","title":{"rendered":"Jurad\u00f3"},"content":{"rendered":"\n<div class=\"wp-block-columns has-background is-layout-flex wp-container-core-columns-is-layout-9d6595d7 wp-block-columns-is-layout-flex\" style=\"background-color:#f2f2f2\">\n<div class=\"wp-block-column is-layout-flow wp-block-column-is-layout-flow\">\n<h3 class=\"has-text-align-center has-white-color has-text-color has-background wp-block-heading\" style=\"background-color:#4c591e\">Localizaci\u00f3n y \u00e1rea geogr\u00e1fica<\/h3>\n\n\n\n<div class=\"wp-block-columns is-layout-flex wp-container-core-columns-is-layout-9d6595d7 wp-block-columns-is-layout-flex\">\n<div class=\"wp-block-column is-layout-flow wp-block-column-is-layout-flow\"><div class=\"wp-block-image\">\n<figure class=\"aligncenter size-full\"><img loading=\"lazy\" decoding=\"async\" width=\"507\" height=\"526\" src=\"https:\/\/media2.utp.edu.co\/programas\/111\/2022\/12\/1.-Limites-JUR.jpg\" alt=\"\" class=\"wp-image-709\" srcset=\"https:\/\/media2.utp.edu.co\/programas\/111\/2022\/12\/1.-Limites-JUR.jpg 507w, https:\/\/media2.utp.edu.co\/programas\/111\/2022\/12\/1.-Limites-JUR-289x300.jpg 289w\" sizes=\"auto, (max-width: 507px) 100vw, 507px\" \/><\/figure>\n<\/div><\/div>\n\n\n\n<div class=\"wp-block-column is-layout-flow wp-block-column-is-layout-flow\">\n<p class=\"has-medium-font-size\">La cabecera municipal de Jurad\u00f3 se encuentra aproximadamente a 320 kil\u00f3metros de la capital del departamento del Choc\u00f3, al noreste de la misma. Cuenta con una extensi\u00f3n de 1.352 kil\u00f3metros cuadrados, de los cuales 652 km representan el \u00e1rea urbana y 694 km el \u00e1rea rural. <\/p>\n\n\n\n<p class=\"has-medium-font-size\">Limita territorialmente con: la Rep\u00fablica de Panam\u00e1 al Norte, el municipio de Riosucio al Oeste, el municipio de Bah\u00eda Solano al Sur, y el Oc\u00e9ano Pac\u00edfico al Este. La Cabecera municipal se halla ubicada a orillas del mar Pac\u00edfico, en un territorio insular que determinan la confluencia de la desembocadura de los R\u00edos Jurad\u00f3 y Apartad\u00f3, los cuales luego de unirse se separan para desembocar en sendas bocanas de acceso al mar (Boca Vieja y Boca Nueva), conformando as\u00ed un peque\u00f1o islote<\/p>\n<\/div>\n<\/div>\n<\/div>\n<\/div>\n\n\n\n<div class=\"wp-block-columns has-background is-layout-flex wp-container-core-columns-is-layout-9d6595d7 wp-block-columns-is-layout-flex\" style=\"background-color:#f2f2f2\">\n<div class=\"wp-block-column is-layout-flow wp-block-column-is-layout-flow\">\n<h3 class=\"has-text-align-center has-white-color has-text-color has-background wp-block-heading\" style=\"background-color:#4c591e\">Poblaci\u00f3n y dispersi\u00f3n<\/h3>\n\n\n\n<div class=\"wp-block-columns is-layout-flex wp-container-core-columns-is-layout-9d6595d7 wp-block-columns-is-layout-flex\">\n<div class=\"wp-block-column is-layout-flow wp-block-column-is-layout-flow\"><div class=\"wp-block-image\">\n<figure class=\"aligncenter size-full\"><img loading=\"lazy\" decoding=\"async\" width=\"752\" height=\"452\" src=\"https:\/\/media2.utp.edu.co\/programas\/111\/2022\/12\/2.-Dispersion-JUR.jpg\" alt=\"\" class=\"wp-image-710\" srcset=\"https:\/\/media2.utp.edu.co\/programas\/111\/2022\/12\/2.-Dispersion-JUR.jpg 752w, https:\/\/media2.utp.edu.co\/programas\/111\/2022\/12\/2.-Dispersion-JUR-300x180.jpg 300w\" sizes=\"auto, (max-width: 752px) 100vw, 752px\" \/><\/figure>\n<\/div><\/div>\n\n\n\n<div class=\"wp-block-column is-layout-flow wp-block-column-is-layout-flow\">\n<p class=\"has-medium-font-size\">Seg\u00fan proyecciones del Censo Nacional de Poblaci\u00f3n y Vivienda 2018, la densidad poblacional del municipio es de 5,34 habitantes por Km<sup>2<\/sup>. <\/p>\n\n\n\n<p class=\"has-medium-font-size\">Adicionalmente, el municipio tiene un total de 6.685 habitantes, en donde la zona rural del municipio alberga el 62,4% de la poblaci\u00f3n total, mientras que la zona urbana concentra el 37,6% de la poblaci\u00f3n (DANE, 2022). Del total de la poblaci\u00f3n, 52,24% es poblaci\u00f3n masculina y el 47,76% es poblaci\u00f3n femenina; se observa un aumento de la poblaci\u00f3n del 89,55% al compararse con las cifras registradas en el a\u00f1o 2005 de 3.609 habitantes; donde el 50,20% representaba a la poblaci\u00f3n masculina y el 49,80% a la femenina.<\/p>\n<\/div>\n<\/div>\n<\/div>\n<\/div>\n\n\n\n<div class=\"wp-block-columns has-background is-layout-flex wp-container-core-columns-is-layout-9d6595d7 wp-block-columns-is-layout-flex\" style=\"background-color:#f2f2f2\">\n<div class=\"wp-block-column is-layout-flow wp-block-column-is-layout-flow\">\n<h3 class=\"has-text-align-center has-white-color has-text-color has-background wp-block-heading\" style=\"background-color:#4c591e\">Cadenas productivas priorizadas en el municipio<\/h3>\n\n\n\n<div class=\"wp-block-columns is-layout-flex wp-container-core-columns-is-layout-9d6595d7 wp-block-columns-is-layout-flex\">\n<div class=\"wp-block-column is-layout-flow wp-block-column-is-layout-flow\"><div class=\"wp-block-image\">\n<figure class=\"aligncenter size-large\"><img loading=\"lazy\" decoding=\"async\" width=\"1024\" height=\"768\" src=\"https:\/\/media2.utp.edu.co\/programas\/111\/2022\/12\/PESCA-1024x768.jpg\" alt=\"\" class=\"wp-image-721\" srcset=\"https:\/\/media2.utp.edu.co\/programas\/111\/2022\/12\/PESCA-1024x768.jpg 1024w, https:\/\/media2.utp.edu.co\/programas\/111\/2022\/12\/PESCA-300x225.jpg 300w, https:\/\/media2.utp.edu.co\/programas\/111\/2022\/12\/PESCA-768x576.jpg 768w, https:\/\/media2.utp.edu.co\/programas\/111\/2022\/12\/PESCA.jpg 1408w\" sizes=\"auto, (max-width: 1024px) 100vw, 1024px\" \/><\/figure>\n<\/div><\/div>\n\n\n\n<div class=\"wp-block-column is-layout-flow wp-block-column-is-layout-flow\">\n<p class=\"has-medium-font-size\">El municipio de Jurad\u00f3 se caracteriza por la pr\u00e1ctica de la pesca, en particular la pesca de at\u00fan representado en un 40% y la especie pargo rojo en un 13%. En una altura promedio de 5 msnm. Asimismo, existe una total vinculaci\u00f3n familiar en las actividades productivas de los predios, con la participaci\u00f3n m\u00e1s alta en Jurad\u00f3 (100%), que puede estar relacionada con la conformaci\u00f3n de numerosos grupos familiares.<\/p>\n\n\n\n<p class=\"has-medium-font-size\">Las labores de pesca se realizan de manera combinada con otras actividades econ\u00f3micas, especialmente la agricultura, la ganader\u00eda, cr\u00eda de cerdos y aves, o la actividad comercial.<\/p>\n<\/div>\n<\/div>\n<\/div>\n<\/div>\n\n\n\n<div class=\"wp-block-columns has-background is-layout-flex wp-container-core-columns-is-layout-9d6595d7 wp-block-columns-is-layout-flex\" style=\"background-color:#f2f2f2\">\n<div class=\"wp-block-column is-layout-flow wp-block-column-is-layout-flow\">\n<h3 class=\"has-text-align-center has-white-color has-text-color has-background wp-block-heading\" style=\"background-color:#4c591e\">Producci\u00f3n org\u00e1nica y baja en carbono<\/h3>\n\n\n\n<div class=\"wp-block-columns is-layout-flex wp-container-core-columns-is-layout-9d6595d7 wp-block-columns-is-layout-flex\">\n<div class=\"wp-block-column is-layout-flow wp-block-column-is-layout-flow\"><div class=\"wp-block-image\">\n<figure class=\"aligncenter size-full\"><img loading=\"lazy\" decoding=\"async\" width=\"786\" height=\"488\" src=\"https:\/\/media2.utp.edu.co\/programas\/111\/2022\/12\/3.-PROD.-ORG-JUR.jpg\" alt=\"\" class=\"wp-image-711\" srcset=\"https:\/\/media2.utp.edu.co\/programas\/111\/2022\/12\/3.-PROD.-ORG-JUR.jpg 786w, https:\/\/media2.utp.edu.co\/programas\/111\/2022\/12\/3.-PROD.-ORG-JUR-300x186.jpg 300w, https:\/\/media2.utp.edu.co\/programas\/111\/2022\/12\/3.-PROD.-ORG-JUR-768x477.jpg 768w\" sizes=\"auto, (max-width: 786px) 100vw, 786px\" \/><\/figure>\n<\/div><\/div>\n\n\n\n<div class=\"wp-block-column is-layout-flow wp-block-column-is-layout-flow\">\n<p class=\"has-medium-font-size\">En lo concerniente a la producci\u00f3n org\u00e1nica y baja en carbono, seg\u00fan resultados de los pilotos, aunque se obtuvieron bajos puntajes, se puede afirmar que el municipio se implementan algunas estrategias de sensibilizaci\u00f3n ambiental en las comunidades para la sostenibilidad de la regi\u00f3n; adicionalmente, algunos productores participan en actividades en pro de mejorar la sostenibilidad y protecci\u00f3n ambiental basadas en modelos sostenibles. <\/p>\n\n\n\n<p class=\"has-medium-font-size\">Adem\u00e1s, es evidente un aprovechamiento integral del recurso h\u00eddrico, ya que, en el municipio, seg\u00fan los resultados del plan piloto, como fuente de agua utilizan principalmente agua lluvia.<\/p>\n<\/div>\n<\/div>\n<\/div>\n<\/div>\n\n\n\n<div class=\"wp-block-columns has-background is-layout-flex wp-container-core-columns-is-layout-9d6595d7 wp-block-columns-is-layout-flex\" style=\"background-color:#f2f2f2\">\n<div class=\"wp-block-column is-layout-flow wp-block-column-is-layout-flow\">\n<h3 class=\"has-text-align-center has-white-color has-text-color has-background wp-block-heading\" style=\"background-color:#4c591e\">Brechas a cerrar conforme a la clasificaci\u00f3n de usuarios<\/h3>\n\n\n\n<div class=\"wp-block-columns is-layout-flex wp-container-core-columns-is-layout-9d6595d7 wp-block-columns-is-layout-flex\">\n<div class=\"wp-block-column is-layout-flow wp-block-column-is-layout-flow\"><div class=\"wp-block-image\">\n<figure class=\"aligncenter size-full\"><img loading=\"lazy\" decoding=\"async\" width=\"848\" height=\"551\" src=\"https:\/\/media2.utp.edu.co\/programas\/111\/2022\/12\/4.-BRECHAS-JUR.jpg\" alt=\"\" class=\"wp-image-712\" srcset=\"https:\/\/media2.utp.edu.co\/programas\/111\/2022\/12\/4.-BRECHAS-JUR.jpg 848w, https:\/\/media2.utp.edu.co\/programas\/111\/2022\/12\/4.-BRECHAS-JUR-300x195.jpg 300w, https:\/\/media2.utp.edu.co\/programas\/111\/2022\/12\/4.-BRECHAS-JUR-768x499.jpg 768w\" sizes=\"auto, (max-width: 848px) 100vw, 848px\" \/><figcaption>La Asociatividad y la Pol\u00edtica P\u00fablica son los dos subsistemas en la clasificaci\u00f3n de usuarios que llama la atenci\u00f3n en Jurad\u00f3 por la alta calificaci\u00f3n, en relaci\u00f3n con las medias de las dem\u00e1s categor\u00edas. La promoci\u00f3n de la producci\u00f3n asociativa (27) recibi\u00f3 una calificaci\u00f3n de 3,4. As\u00ed mismo, la aplicaci\u00f3n de programas orientados a la diversificaci\u00f3n de la producci\u00f3n (32) recibi\u00f3 la mejor calificaci\u00f3n. Por otro lado, los puntajes m\u00e1s bajos se registraron en la Asistencia T\u00e9cnica con el registro de la maquinaria y los equipos (56) con una valoraci\u00f3n de 1,0. Igual, el manejo integral de plagas (70) recibi\u00f3 una baja calificaci\u00f3n con 1,0 en la categor\u00eda de Ambiental<\/figcaption><\/figure>\n<\/div>\n\n<div class=\"wp-block-image\">\n<figure class=\"aligncenter size-full\"><img loading=\"lazy\" decoding=\"async\" width=\"793\" height=\"474\" src=\"https:\/\/media2.utp.edu.co\/programas\/111\/2022\/12\/6.-ASOCIATIVIDAD-JUR.jpg\" alt=\"\" class=\"wp-image-714\" srcset=\"https:\/\/media2.utp.edu.co\/programas\/111\/2022\/12\/6.-ASOCIATIVIDAD-JUR.jpg 793w, https:\/\/media2.utp.edu.co\/programas\/111\/2022\/12\/6.-ASOCIATIVIDAD-JUR-300x179.jpg 300w, https:\/\/media2.utp.edu.co\/programas\/111\/2022\/12\/6.-ASOCIATIVIDAD-JUR-768x459.jpg 768w\" sizes=\"auto, (max-width: 793px) 100vw, 793px\" \/><figcaption>Para el aspecto de asociatividad, la promoci\u00f3n de la asociatividad (27) fue la pregunta mejor valorada, mientras que la participaci\u00f3n en programas\/fondos (23) fue la de menor puntaje.<\/figcaption><\/figure>\n<\/div>\n\n<div class=\"wp-block-image\">\n<figure class=\"aligncenter size-full\"><img loading=\"lazy\" decoding=\"async\" width=\"752\" height=\"452\" src=\"https:\/\/media2.utp.edu.co\/programas\/111\/2022\/12\/8.-TIC-JUR.jpg\" alt=\"\" class=\"wp-image-716\" srcset=\"https:\/\/media2.utp.edu.co\/programas\/111\/2022\/12\/8.-TIC-JUR.jpg 752w, https:\/\/media2.utp.edu.co\/programas\/111\/2022\/12\/8.-TIC-JUR-300x180.jpg 300w\" sizes=\"auto, (max-width: 752px) 100vw, 752px\" \/><figcaption>Para el aspecto de TIC, el uso de TIC\u2019S como herramienta de decisi\u00f3n (60) fue la pregunta mejor valorada, mientras que la participaci\u00f3n en proyectos con los actores del SNIA de la regi\u00f3n relacionados con I+D+i y transferencia de tecnolog\u00eda (43) fue la de menor puntaje.<\/figcaption><\/figure>\n<\/div><\/div>\n\n\n\n<div class=\"wp-block-column is-layout-flow wp-block-column-is-layout-flow\"><div class=\"wp-block-image\">\n<figure class=\"aligncenter size-large\"><img loading=\"lazy\" decoding=\"async\" width=\"1024\" height=\"430\" src=\"https:\/\/media2.utp.edu.co\/programas\/111\/2022\/12\/5.-ASIST-TECN-JUR-1024x430.jpg\" alt=\"\" class=\"wp-image-713\" srcset=\"https:\/\/media2.utp.edu.co\/programas\/111\/2022\/12\/5.-ASIST-TECN-JUR-1024x430.jpg 1024w, https:\/\/media2.utp.edu.co\/programas\/111\/2022\/12\/5.-ASIST-TECN-JUR-300x126.jpg 300w, https:\/\/media2.utp.edu.co\/programas\/111\/2022\/12\/5.-ASIST-TECN-JUR-768x322.jpg 768w, https:\/\/media2.utp.edu.co\/programas\/111\/2022\/12\/5.-ASIST-TECN-JUR.jpg 1077w\" sizes=\"auto, (max-width: 1024px) 100vw, 1024px\" \/><figcaption>Para el aspecto de asistencia t\u00e9cnica, la posibilidad de acceso a la educaci\u00f3n superior (40) fue la pregunta mejor valorada, mientras que el registro de m\u00e1quinas y m\u00e9todos (56) fue la de menor puntaje.<\/figcaption><\/figure>\n<\/div>\n\n<div class=\"wp-block-image\">\n<figure class=\"aligncenter size-full\"><img loading=\"lazy\" decoding=\"async\" width=\"704\" height=\"577\" src=\"https:\/\/media2.utp.edu.co\/programas\/111\/2022\/12\/7.-MEMBRESIA-JUR.jpg\" alt=\"\" class=\"wp-image-715\" srcset=\"https:\/\/media2.utp.edu.co\/programas\/111\/2022\/12\/7.-MEMBRESIA-JUR.jpg 704w, https:\/\/media2.utp.edu.co\/programas\/111\/2022\/12\/7.-MEMBRESIA-JUR-300x246.jpg 300w\" sizes=\"auto, (max-width: 704px) 100vw, 704px\" \/><figcaption>Para el municipio de Jurad\u00f3 se encontr\u00f3 que existe un 100% de presencia de mano de obra familiar, mientras que 71% de los encuestados manifiesta que pertenece a alguna figura colectiva agropecuaria.<\/figcaption><\/figure>\n<\/div>\n\n<div class=\"wp-block-image\">\n<figure class=\"aligncenter size-full\"><img loading=\"lazy\" decoding=\"async\" width=\"786\" height=\"488\" src=\"https:\/\/media2.utp.edu.co\/programas\/111\/2022\/12\/9.-AMBIENT-JUR.jpg\" alt=\"\" class=\"wp-image-717\" srcset=\"https:\/\/media2.utp.edu.co\/programas\/111\/2022\/12\/9.-AMBIENT-JUR.jpg 786w, https:\/\/media2.utp.edu.co\/programas\/111\/2022\/12\/9.-AMBIENT-JUR-300x186.jpg 300w, https:\/\/media2.utp.edu.co\/programas\/111\/2022\/12\/9.-AMBIENT-JUR-768x477.jpg 768w\" sizes=\"auto, (max-width: 786px) 100vw, 786px\" \/><figcaption>Para el aspecto Ambiental, la implementaci\u00f3n de estrategias de sensibilizaci\u00f3n ambiental (52) fue la pregunta mejor valorada, mientras que el manejo integrado de plagas y enfermedades (70) fue la de menor puntaje.<\/figcaption><\/figure>\n<\/div><\/div>\n<\/div>\n\n\n\n<div class=\"wp-block-columns is-layout-flex wp-container-core-columns-is-layout-9d6595d7 wp-block-columns-is-layout-flex\">\n<div class=\"wp-block-column is-layout-flow wp-block-column-is-layout-flow\"><div class=\"wp-block-image\">\n<figure class=\"aligncenter size-full\"><img loading=\"lazy\" decoding=\"async\" width=\"721\" height=\"454\" src=\"https:\/\/media2.utp.edu.co\/programas\/111\/2022\/12\/10.-FUENTE-AGUA-JUR.jpg\" alt=\"\" class=\"wp-image-718\" srcset=\"https:\/\/media2.utp.edu.co\/programas\/111\/2022\/12\/10.-FUENTE-AGUA-JUR.jpg 721w, https:\/\/media2.utp.edu.co\/programas\/111\/2022\/12\/10.-FUENTE-AGUA-JUR-300x189.jpg 300w\" sizes=\"auto, (max-width: 721px) 100vw, 721px\" \/><figcaption>Seg\u00fan los encuestados, como fuente de agua utilizan principalmente agua lluvia.<\/figcaption><\/figure>\n<\/div><\/div>\n\n\n\n<div class=\"wp-block-column is-layout-flow wp-block-column-is-layout-flow\"><div class=\"wp-block-image\">\n<figure class=\"aligncenter size-full\"><img loading=\"lazy\" decoding=\"async\" width=\"766\" height=\"454\" src=\"https:\/\/media2.utp.edu.co\/programas\/111\/2022\/12\/11.-POLIT-PUBL-JUR.jpg\" alt=\"\" class=\"wp-image-719\" srcset=\"https:\/\/media2.utp.edu.co\/programas\/111\/2022\/12\/11.-POLIT-PUBL-JUR.jpg 766w, https:\/\/media2.utp.edu.co\/programas\/111\/2022\/12\/11.-POLIT-PUBL-JUR-300x178.jpg 300w\" sizes=\"auto, (max-width: 766px) 100vw, 766px\" \/><figcaption>Para el aspecto de Pol\u00edtica P\u00fablica, la presencia de instituciones en el municipio (32) fue la pregunta mejor valorada, mientras que el conocimiento de los mecanismos de articulaci\u00f3n entre el departamento y el municipio para la prestaci\u00f3n del servicio de extensi\u00f3n agropecuaria (24) fue la de menor puntaje.<\/figcaption><\/figure>\n<\/div><\/div>\n<\/div>\n<\/div>\n<\/div>\n\n\n\n<div class=\"wp-block-columns has-background is-layout-flex wp-container-core-columns-is-layout-9d6595d7 wp-block-columns-is-layout-flex\" style=\"background-color:#f2f2f2\">\n<div class=\"wp-block-column is-layout-flow wp-block-column-is-layout-flow\">\n<h3 class=\"has-text-align-center has-white-color has-text-color has-background wp-block-heading\" style=\"background-color:#4c591e\">Acceso a TIC\u2019s<\/h3>\n\n\n\n<div class=\"wp-block-columns is-layout-flex wp-container-core-columns-is-layout-9d6595d7 wp-block-columns-is-layout-flex\">\n<div class=\"wp-block-column is-layout-flow wp-block-column-is-layout-flow\"><div class=\"wp-block-image\">\n<figure class=\"aligncenter size-full\"><img loading=\"lazy\" decoding=\"async\" width=\"767\" height=\"524\" src=\"https:\/\/media2.utp.edu.co\/programas\/111\/2022\/12\/12.-ACCESO-TIC-JUR.jpg\" alt=\"\" class=\"wp-image-720\" srcset=\"https:\/\/media2.utp.edu.co\/programas\/111\/2022\/12\/12.-ACCESO-TIC-JUR.jpg 767w, https:\/\/media2.utp.edu.co\/programas\/111\/2022\/12\/12.-ACCESO-TIC-JUR-300x205.jpg 300w\" sizes=\"auto, (max-width: 767px) 100vw, 767px\" \/><\/figure>\n<\/div><\/div>\n\n\n\n<div class=\"wp-block-column is-layout-flow wp-block-column-is-layout-flow\">\n<p class=\"has-medium-font-size\">En lo concerniente al acceso a TIC\u00b4s, se obtuvo valores muy bajos; sin embargo, el uso de TIC\u2019S como herramienta para la toma de decisi\u00f3n para la producci\u00f3n (60) fue la pregunta mejor valorada, mientras que el registro de m\u00e1quinas\/equipos y m\u00e9todos de producci\u00f3n (56) fue la de menor puntaje.<\/p>\n<\/div>\n<\/div>\n<\/div>\n<\/div>\n","protected":false},"excerpt":{"rendered":"<p>Localizaci\u00f3n y \u00e1rea geogr\u00e1fica La cabecera municipal de Jurad\u00f3 se encuentra aproximadamente a 320 kil\u00f3metros de la capital del departamento del Choc\u00f3, al noreste de la misma. Cuenta con una extensi\u00f3n de 1.352 kil\u00f3metros cuadrados, [&hellip;]<\/p>\n","protected":false},"author":37,"featured_media":0,"parent":160,"menu_order":0,"comment_status":"closed","ping_status":"closed","template":"","meta":{"footnotes":""},"class_list":["post-175","page","type-page","status-publish","hentry"],"_links":{"self":[{"href":"https:\/\/agroindustria.utp.edu.co\/conveniomadr\/wp-json\/wp\/v2\/pages\/175","targetHints":{"allow":["GET"]}}],"collection":[{"href":"https:\/\/agroindustria.utp.edu.co\/conveniomadr\/wp-json\/wp\/v2\/pages"}],"about":[{"href":"https:\/\/agroindustria.utp.edu.co\/conveniomadr\/wp-json\/wp\/v2\/types\/page"}],"author":[{"embeddable":true,"href":"https:\/\/agroindustria.utp.edu.co\/conveniomadr\/wp-json\/wp\/v2\/users\/37"}],"replies":[{"embeddable":true,"href":"https:\/\/agroindustria.utp.edu.co\/conveniomadr\/wp-json\/wp\/v2\/comments?post=175"}],"version-history":[{"count":7,"href":"https:\/\/agroindustria.utp.edu.co\/conveniomadr\/wp-json\/wp\/v2\/pages\/175\/revisions"}],"predecessor-version":[{"id":745,"href":"https:\/\/agroindustria.utp.edu.co\/conveniomadr\/wp-json\/wp\/v2\/pages\/175\/revisions\/745"}],"up":[{"embeddable":true,"href":"https:\/\/agroindustria.utp.edu.co\/conveniomadr\/wp-json\/wp\/v2\/pages\/160"}],"wp:attachment":[{"href":"https:\/\/agroindustria.utp.edu.co\/conveniomadr\/wp-json\/wp\/v2\/media?parent=175"}],"curies":[{"name":"wp","href":"https:\/\/api.w.org\/{rel}","templated":true}]}}