{"id":171,"date":"2022-11-29T11:30:46","date_gmt":"2022-11-29T16:30:46","guid":{"rendered":"https:\/\/agroindustria.utp.edu.co\/conveniomadr\/?page_id=171"},"modified":"2022-12-16T02:18:15","modified_gmt":"2022-12-16T07:18:15","slug":"cabuyaro","status":"publish","type":"page","link":"https:\/\/agroindustria.utp.edu.co\/conveniomadr\/departamentos\/meta\/cabuyaro\/","title":{"rendered":"Cabuyaro"},"content":{"rendered":"\n<div class=\"wp-block-columns has-background is-layout-flex wp-container-core-columns-is-layout-9d6595d7 wp-block-columns-is-layout-flex\" style=\"background-color:#f2f2f2\">\n<div class=\"wp-block-column is-layout-flow wp-block-column-is-layout-flow\">\n<h3 class=\"has-text-align-center has-white-color has-text-color has-background wp-block-heading\" style=\"background-color:#4c591e\">Localizaci\u00f3n y \u00e1rea geogr\u00e1fica<\/h3>\n\n\n\n<div class=\"wp-block-columns is-layout-flex wp-container-core-columns-is-layout-9d6595d7 wp-block-columns-is-layout-flex\">\n<div class=\"wp-block-column is-layout-flow wp-block-column-is-layout-flow\"><div class=\"wp-block-image\">\n<figure class=\"aligncenter size-full\"><img loading=\"lazy\" decoding=\"async\" width=\"322\" height=\"156\" src=\"https:\/\/media2.utp.edu.co\/programas\/111\/2022\/12\/1.-LIMITES-CAB.jpeg\" alt=\"\" class=\"wp-image-747\" srcset=\"https:\/\/media2.utp.edu.co\/programas\/111\/2022\/12\/1.-LIMITES-CAB.jpeg 322w, https:\/\/media2.utp.edu.co\/programas\/111\/2022\/12\/1.-LIMITES-CAB-300x145.jpeg 300w\" sizes=\"auto, (max-width: 322px) 100vw, 322px\" \/><\/figure>\n<\/div><\/div>\n\n\n\n<div class=\"wp-block-column is-layout-flow wp-block-column-is-layout-flow\">\n<p class=\"has-medium-font-size\">El Municipio de Cabuyaro (Meta), se encuentra localizado en la parte centro oriental del territorio colombiano, a cuatro 4\u00b0 18\u00b440\u00b4\u00b4 latitud Norte, 72\u00b0 48\u00b405\u00b4\u00b4 longitud al Oeste del meridiano de Greenwich. Cuenta con una extensi\u00f3n de 832 kil\u00f3metros cuadrados y, ocupa el 0.968% del territorio en el Departamento. <\/p>\n\n\n\n<p class=\"has-medium-font-size\">Limita al Norte con el Municipio de Barranca de Up\u00eda, al Sur con el Municipio de Puerto L\u00f3pez y Cumaral, al Oriente con el Departamento del Casanare y al Occidente con el Departamento de Cundinamarca<\/p>\n<\/div>\n<\/div>\n<\/div>\n<\/div>\n\n\n\n<div class=\"wp-block-columns has-background is-layout-flex wp-container-core-columns-is-layout-9d6595d7 wp-block-columns-is-layout-flex\" style=\"background-color:#f2f2f2\">\n<div class=\"wp-block-column is-layout-flow wp-block-column-is-layout-flow\">\n<h3 class=\"has-text-align-center has-white-color has-text-color has-background wp-block-heading\" style=\"background-color:#4c591e\">Poblaci\u00f3n y dispersi\u00f3n<\/h3>\n\n\n\n<div class=\"wp-block-columns is-layout-flex wp-container-core-columns-is-layout-9d6595d7 wp-block-columns-is-layout-flex\">\n<div class=\"wp-block-column is-layout-flow wp-block-column-is-layout-flow\"><div class=\"wp-block-image\">\n<figure class=\"aligncenter size-full\"><img loading=\"lazy\" decoding=\"async\" width=\"752\" height=\"452\" src=\"https:\/\/media2.utp.edu.co\/programas\/111\/2022\/12\/2.-DISPERSION-CAB.jpg\" alt=\"\" class=\"wp-image-748\" srcset=\"https:\/\/media2.utp.edu.co\/programas\/111\/2022\/12\/2.-DISPERSION-CAB.jpg 752w, https:\/\/media2.utp.edu.co\/programas\/111\/2022\/12\/2.-DISPERSION-CAB-300x180.jpg 300w\" sizes=\"auto, (max-width: 752px) 100vw, 752px\" \/><\/figure>\n<\/div><\/div>\n\n\n\n<div class=\"wp-block-column is-layout-flow wp-block-column-is-layout-flow\">\n<p class=\"has-medium-font-size\">Seg\u00fan proyecciones del Censo Nacional de Poblaci\u00f3n y Vivienda 2018, la densidad poblacional del municipio es de 6,63 habitantes por Km<sup>2<\/sup>. <\/p>\n\n\n\n<p class=\"has-medium-font-size\">Adicionalmente, el municipio tiene un total de 6.602 habitantes, en donde la zona rural del municipio alberga el 50,6% de la poblaci\u00f3n total, mientras que la zona urbana concentra el 49,4% de la poblaci\u00f3n (DANE, 2022). Del total de la poblaci\u00f3n, 50,3% es poblaci\u00f3n masculina y el 49,7% es poblaci\u00f3n femenina<\/p>\n<\/div>\n<\/div>\n<\/div>\n<\/div>\n\n\n\n<div class=\"wp-block-columns has-background is-layout-flex wp-container-core-columns-is-layout-9d6595d7 wp-block-columns-is-layout-flex\" style=\"background-color:#f2f2f2\">\n<div class=\"wp-block-column is-layout-flow wp-block-column-is-layout-flow\">\n<h3 class=\"has-text-align-center has-white-color has-text-color has-background wp-block-heading\" style=\"background-color:#4c591e\">Cadenas productivas priorizadas en el municipio<\/h3>\n\n\n\n<div class=\"wp-block-columns is-layout-flex wp-container-core-columns-is-layout-9d6595d7 wp-block-columns-is-layout-flex\">\n<div class=\"wp-block-column is-layout-flow wp-block-column-is-layout-flow\"><div class=\"wp-block-image\">\n<figure class=\"aligncenter size-large\"><img loading=\"lazy\" decoding=\"async\" width=\"1024\" height=\"768\" src=\"https:\/\/media2.utp.edu.co\/programas\/111\/2022\/12\/Ganaderi\u0301a-2-1024x768.jpg\" alt=\"\" class=\"wp-image-487\" srcset=\"https:\/\/media2.utp.edu.co\/programas\/111\/2022\/12\/Ganaderi\u0301a-2-1024x768.jpg 1024w, https:\/\/media2.utp.edu.co\/programas\/111\/2022\/12\/Ganaderi\u0301a-2-300x225.jpg 300w, https:\/\/media2.utp.edu.co\/programas\/111\/2022\/12\/Ganaderi\u0301a-2-768x576.jpg 768w, https:\/\/media2.utp.edu.co\/programas\/111\/2022\/12\/Ganaderi\u0301a-2.jpg 1280w\" sizes=\"auto, (max-width: 1024px) 100vw, 1024px\" \/><\/figure>\n<\/div><\/div>\n\n\n\n<div class=\"wp-block-column is-layout-flow wp-block-column-is-layout-flow\">\n<p class=\"has-medium-font-size\">La estructura del soporte econ\u00f3mico en este municipio est\u00e1 dada por la agricultura tradicional y tecnificada con cultivos de arroz, soya, algod\u00f3n, ma\u00edz, pl\u00e1tano, yuca, palma africana y frutales. En cuanto a la ganader\u00eda el municipio dispone aproximadamente de 61.103 hect\u00e1reas sembradas de pastos de corte, pradera tradicional y pradera mejorada, con una gran variedad de forrajes. El inventario ganadero de su jurisdicci\u00f3n se aproxima a las 40.000 cabezas de ganado.<\/p>\n\n\n\n<p class=\"has-medium-font-size\"><a>En este sentido, de acuerdo a los resultados de las encuestas, en las l\u00edneas productivas se destaca la producci\u00f3n<\/a> hortofrut\u00edcola con un 58%, de las variedades de pl\u00e1tano (70%), naranja valencia (18%), ma\u00edz (9%) y papaya (1%), en un \u00e1rea promedio cultivada de 20 hect\u00e1reas; y en la l\u00ednea pecuaria la ganader\u00eda doble prop\u00f3sito representado en un 43% de las razas Ceb\u00fa (91%), Brahman (1%) y Gyr (1%). Finalmente, la ganader\u00eda de carne ocupa un porcentaje m\u00e1s bajo del 1% de la raza Ceb\u00fa, la ganader\u00eda en este municipio est\u00e1 asociada principalmente a cultivos agr\u00edcolas de ma\u00edz y yuca, o cultivos pecuarios de cerdos y gallinas. En una altura promedio de 170 msnm.<\/p>\n<\/div>\n<\/div>\n<\/div>\n<\/div>\n\n\n\n<div class=\"wp-block-columns has-background is-layout-flex wp-container-core-columns-is-layout-9d6595d7 wp-block-columns-is-layout-flex\" style=\"background-color:#f2f2f2\">\n<div class=\"wp-block-column is-layout-flow wp-block-column-is-layout-flow\">\n<h3 class=\"has-text-align-center has-white-color has-text-color has-background wp-block-heading\" style=\"background-color:#4c591e\">Producci\u00f3n org\u00e1nica y baja en carbono<\/h3>\n\n\n\n<div class=\"wp-block-columns is-layout-flex wp-container-core-columns-is-layout-9d6595d7 wp-block-columns-is-layout-flex\">\n<div class=\"wp-block-column is-layout-flow wp-block-column-is-layout-flow\"><div class=\"wp-block-image\">\n<figure class=\"aligncenter size-full\"><img loading=\"lazy\" decoding=\"async\" width=\"802\" height=\"474\" src=\"https:\/\/media2.utp.edu.co\/programas\/111\/2022\/12\/3.-PROD.-ORG.-CAB.jpg\" alt=\"\" class=\"wp-image-749\" srcset=\"https:\/\/media2.utp.edu.co\/programas\/111\/2022\/12\/3.-PROD.-ORG.-CAB.jpg 802w, https:\/\/media2.utp.edu.co\/programas\/111\/2022\/12\/3.-PROD.-ORG.-CAB-300x177.jpg 300w, https:\/\/media2.utp.edu.co\/programas\/111\/2022\/12\/3.-PROD.-ORG.-CAB-768x454.jpg 768w\" sizes=\"auto, (max-width: 802px) 100vw, 802px\" \/><\/figure>\n<\/div><\/div>\n\n\n\n<div class=\"wp-block-column is-layout-flow wp-block-column-is-layout-flow\">\n<p class=\"has-medium-font-size\">En lo concerniente a la producci\u00f3n org\u00e1nica y baja en carbono, seg\u00fan resultados de los pilotos, aunque se obtuvieron bajos puntajes, se puede afirmar que en el municipio existen algunos lineamientos sostenibles en favor de la protecci\u00f3n y conservaci\u00f3n del medio ambiente; adicionalmente, algunos realizan pr\u00e1cticas agroforestales o silvopastoriles en sus predios y aplican lineamientos sostenibles en favor de la protecci\u00f3n y conservaci\u00f3n del medio ambiente. <\/p>\n\n\n\n<p class=\"has-medium-font-size\">Adem\u00e1s, es evidente un aprovechamiento integral del recurso h\u00eddrico, ya que, en el municipio, seg\u00fan los resultados del plan piloto, como fuente de agua utilizan principalmente aljibes.<\/p>\n<\/div>\n<\/div>\n<\/div>\n<\/div>\n\n\n\n<div class=\"wp-block-columns has-background is-layout-flex wp-container-core-columns-is-layout-9d6595d7 wp-block-columns-is-layout-flex\" style=\"background-color:#f2f2f2\">\n<div class=\"wp-block-column is-layout-flow wp-block-column-is-layout-flow\">\n<h3 class=\"has-text-align-center has-white-color has-text-color has-background wp-block-heading\" style=\"background-color:#4c591e\">Brechas a cerrar conforme a la clasificaci\u00f3n de usuarios<\/h3>\n\n\n\n<div class=\"wp-block-columns is-layout-flex wp-container-core-columns-is-layout-9d6595d7 wp-block-columns-is-layout-flex\">\n<div class=\"wp-block-column is-layout-flow wp-block-column-is-layout-flow\"><div class=\"wp-block-image\">\n<figure class=\"aligncenter size-full\"><img loading=\"lazy\" decoding=\"async\" width=\"847\" height=\"551\" src=\"https:\/\/media2.utp.edu.co\/programas\/111\/2022\/12\/4.-BRECHAS-CAB.jpg\" alt=\"\" class=\"wp-image-750\" srcset=\"https:\/\/media2.utp.edu.co\/programas\/111\/2022\/12\/4.-BRECHAS-CAB.jpg 847w, https:\/\/media2.utp.edu.co\/programas\/111\/2022\/12\/4.-BRECHAS-CAB-300x195.jpg 300w, https:\/\/media2.utp.edu.co\/programas\/111\/2022\/12\/4.-BRECHAS-CAB-768x500.jpg 768w\" sizes=\"auto, (max-width: 847px) 100vw, 847px\" \/><figcaption>El municipio de Cabuyaro en el Meta es uno de los mejor calificados en la muestra de ocho municipios abordados. Las condiciones con los puntajes m\u00e1s altos se encuentran alrededor de 2,5 en todas las subcategor\u00edas analizadas. La menor condici\u00f3n corresponde a los tipos de organizaciones en las figuras colectivas (23) que obtuvo un puntaje de Asociatividad.<\/figcaption><\/figure>\n<\/div>\n\n<div class=\"wp-block-image\">\n<figure class=\"aligncenter size-full\"><img loading=\"lazy\" decoding=\"async\" width=\"738\" height=\"436\" src=\"https:\/\/media2.utp.edu.co\/programas\/111\/2022\/12\/6.-ASOCIAT-CAB.jpg\" alt=\"\" class=\"wp-image-752\" srcset=\"https:\/\/media2.utp.edu.co\/programas\/111\/2022\/12\/6.-ASOCIAT-CAB.jpg 738w, https:\/\/media2.utp.edu.co\/programas\/111\/2022\/12\/6.-ASOCIAT-CAB-300x177.jpg 300w\" sizes=\"auto, (max-width: 738px) 100vw, 738px\" \/><figcaption>Para el aspecto de asociatividad, la promoci\u00f3n de la asociatividad (27) fue la pregunta mejor valorada, mientras que la participaci\u00f3n en programas\/fondos (23) fue la de menor puntaje.<\/figcaption><\/figure>\n<\/div>\n\n<div class=\"wp-block-image\">\n<figure class=\"aligncenter size-full\"><img loading=\"lazy\" decoding=\"async\" width=\"752\" height=\"452\" src=\"https:\/\/media2.utp.edu.co\/programas\/111\/2022\/12\/8.-TIC-CAB.jpg\" alt=\"\" class=\"wp-image-754\" srcset=\"https:\/\/media2.utp.edu.co\/programas\/111\/2022\/12\/8.-TIC-CAB.jpg 752w, https:\/\/media2.utp.edu.co\/programas\/111\/2022\/12\/8.-TIC-CAB-300x180.jpg 300w\" sizes=\"auto, (max-width: 752px) 100vw, 752px\" \/><figcaption>Para el aspecto de TIC, la promoci\u00f3n de la cultura de la innovaci\u00f3n (38) fue la pregunta mejor valorada, mientras que el uso de TIC\u2019S como herramienta para la toma de decisi\u00f3n para la producci\u00f3n (60) fue la de menor puntaje.<\/figcaption><\/figure>\n<\/div><\/div>\n\n\n\n<div class=\"wp-block-column is-layout-flow wp-block-column-is-layout-flow\"><div class=\"wp-block-image\">\n<figure class=\"aligncenter size-large\"><img loading=\"lazy\" decoding=\"async\" width=\"1024\" height=\"520\" src=\"https:\/\/media2.utp.edu.co\/programas\/111\/2022\/12\/5.-ASIST-TECN-CAB-1024x520.jpg\" alt=\"\" class=\"wp-image-751\" srcset=\"https:\/\/media2.utp.edu.co\/programas\/111\/2022\/12\/5.-ASIST-TECN-CAB-1024x520.jpg 1024w, https:\/\/media2.utp.edu.co\/programas\/111\/2022\/12\/5.-ASIST-TECN-CAB-300x152.jpg 300w, https:\/\/media2.utp.edu.co\/programas\/111\/2022\/12\/5.-ASIST-TECN-CAB-768x390.jpg 768w, https:\/\/media2.utp.edu.co\/programas\/111\/2022\/12\/5.-ASIST-TECN-CAB.jpg 1038w\" sizes=\"auto, (max-width: 1024px) 100vw, 1024px\" \/><figcaption>Para el aspecto de asistencia t\u00e9cnica, las condiciones de la v\u00eda desde el predio hacia la cabecera municipal (78) fue la pregunta mejor valorada, mientras que la realizaci\u00f3n de an\u00e1lisis de suelos (65) fue la de menor puntaje.<\/figcaption><\/figure>\n<\/div>\n\n<div class=\"wp-block-image\">\n<figure class=\"aligncenter size-full\"><img loading=\"lazy\" decoding=\"async\" width=\"739\" height=\"568\" src=\"https:\/\/media2.utp.edu.co\/programas\/111\/2022\/12\/7.-MEMBRESIA-CAB.jpg\" alt=\"\" class=\"wp-image-753\" srcset=\"https:\/\/media2.utp.edu.co\/programas\/111\/2022\/12\/7.-MEMBRESIA-CAB.jpg 739w, https:\/\/media2.utp.edu.co\/programas\/111\/2022\/12\/7.-MEMBRESIA-CAB-300x231.jpg 300w\" sizes=\"auto, (max-width: 739px) 100vw, 739px\" \/><figcaption>Para el municipio de Cabuyaro se encontr\u00f3 que existe un 95% de presencia de mano de obra familiar, mientras que solo el 7% de los encuestados manifiesta que pertenece a alguna figura colectiva agropecuaria.<\/figcaption><\/figure>\n<\/div>\n\n<div class=\"wp-block-image\">\n<figure class=\"aligncenter size-full\"><img loading=\"lazy\" decoding=\"async\" width=\"802\" height=\"474\" src=\"https:\/\/media2.utp.edu.co\/programas\/111\/2022\/12\/9.-AMBIENT-CAB.jpg\" alt=\"\" class=\"wp-image-755\" srcset=\"https:\/\/media2.utp.edu.co\/programas\/111\/2022\/12\/9.-AMBIENT-CAB.jpg 802w, https:\/\/media2.utp.edu.co\/programas\/111\/2022\/12\/9.-AMBIENT-CAB-300x177.jpg 300w, https:\/\/media2.utp.edu.co\/programas\/111\/2022\/12\/9.-AMBIENT-CAB-768x454.jpg 768w\" sizes=\"auto, (max-width: 802px) 100vw, 802px\" \/><figcaption>Para el aspecto Ambiental, la implementaci\u00f3n de estrategias de sensibilizaci\u00f3n ambiental (52) fue la pregunta mejor valorada, mientras que la realizaci\u00f3n de an\u00e1lisis de suelo (65) fue la de menor puntaje.<\/figcaption><\/figure>\n<\/div><\/div>\n<\/div>\n\n\n\n<div class=\"wp-block-columns is-layout-flex wp-container-core-columns-is-layout-9d6595d7 wp-block-columns-is-layout-flex\">\n<div class=\"wp-block-column is-layout-flow wp-block-column-is-layout-flow\"><div class=\"wp-block-image\">\n<figure class=\"aligncenter size-full\"><img loading=\"lazy\" decoding=\"async\" width=\"829\" height=\"532\" src=\"https:\/\/media2.utp.edu.co\/programas\/111\/2022\/12\/10.-FUENTE-AGUA-CAB.jpg\" alt=\"\" class=\"wp-image-756\" srcset=\"https:\/\/media2.utp.edu.co\/programas\/111\/2022\/12\/10.-FUENTE-AGUA-CAB.jpg 829w, https:\/\/media2.utp.edu.co\/programas\/111\/2022\/12\/10.-FUENTE-AGUA-CAB-300x193.jpg 300w, https:\/\/media2.utp.edu.co\/programas\/111\/2022\/12\/10.-FUENTE-AGUA-CAB-768x493.jpg 768w\" sizes=\"auto, (max-width: 829px) 100vw, 829px\" \/><figcaption>Seg\u00fan los encuestados, como fuente de agua utilizan principalmente de aljibes.<\/figcaption><\/figure>\n<\/div><\/div>\n\n\n\n<div class=\"wp-block-column is-layout-flow wp-block-column-is-layout-flow\"><div class=\"wp-block-image\">\n<figure class=\"aligncenter size-full\"><img loading=\"lazy\" decoding=\"async\" width=\"689\" height=\"382\" src=\"https:\/\/media2.utp.edu.co\/programas\/111\/2022\/12\/11.-POLIT-PUBL-CAB.jpg\" alt=\"\" class=\"wp-image-757\" srcset=\"https:\/\/media2.utp.edu.co\/programas\/111\/2022\/12\/11.-POLIT-PUBL-CAB.jpg 689w, https:\/\/media2.utp.edu.co\/programas\/111\/2022\/12\/11.-POLIT-PUBL-CAB-300x166.jpg 300w\" sizes=\"auto, (max-width: 689px) 100vw, 689px\" \/><figcaption>Para el aspecto de Pol\u00edtica P\u00fablica, el conocimiento sobre la prestaci\u00f3n del servicio de extensi\u00f3n agropecuaria (25) fue la pregunta mejor valorada, mientras que la existencia de personas directamente involucradas en actividades de I+D+i que establezcan alianzas estrat\u00e9gicas con grupos de inter\u00e9s del SNIA (85) fue la de menor puntaje.<\/figcaption><\/figure>\n<\/div><\/div>\n<\/div>\n<\/div>\n<\/div>\n\n\n\n<div class=\"wp-block-columns has-background is-layout-flex wp-container-core-columns-is-layout-9d6595d7 wp-block-columns-is-layout-flex\" style=\"background-color:#f2f2f2\">\n<div class=\"wp-block-column is-layout-flow wp-block-column-is-layout-flow\">\n<h3 class=\"has-text-align-center has-white-color has-text-color has-background wp-block-heading\" style=\"background-color:#4c591e\">Acceso a TIC\u2019s<\/h3>\n\n\n\n<div class=\"wp-block-columns is-layout-flex wp-container-core-columns-is-layout-9d6595d7 wp-block-columns-is-layout-flex\">\n<div class=\"wp-block-column is-layout-flow wp-block-column-is-layout-flow\"><div class=\"wp-block-image\">\n<figure class=\"aligncenter size-full\"><img loading=\"lazy\" decoding=\"async\" width=\"741\" height=\"533\" src=\"https:\/\/media2.utp.edu.co\/programas\/111\/2022\/12\/12.-ACCESO-TIC-CAB.jpg\" alt=\"\" class=\"wp-image-758\" srcset=\"https:\/\/media2.utp.edu.co\/programas\/111\/2022\/12\/12.-ACCESO-TIC-CAB.jpg 741w, https:\/\/media2.utp.edu.co\/programas\/111\/2022\/12\/12.-ACCESO-TIC-CAB-300x216.jpg 300w\" sizes=\"auto, (max-width: 741px) 100vw, 741px\" \/><\/figure>\n<\/div><\/div>\n\n\n\n<div class=\"wp-block-column is-layout-flow wp-block-column-is-layout-flow\">\n<p class=\"has-medium-font-size\">En lo concerniente al acceso a TIC\u00b4s, se obtuvo valores muy bajos; sin embargo, la participaci\u00f3n en proyectos de investigaci\u00f3n, desarrollo tecnol\u00f3gico (59) fue la pregunta mejor valorada, mientras que el uso de TIC\u2019S como herramienta para la toma de decisi\u00f3n para la producci\u00f3n (60) fue la de menor puntaje. En la figura 81 se muestran los resultados obtenidos para las preguntas relacionadas con acceso a TIC\u2019s.<\/p>\n<\/div>\n<\/div>\n<\/div>\n<\/div>\n","protected":false},"excerpt":{"rendered":"<p>Localizaci\u00f3n y \u00e1rea geogr\u00e1fica El Municipio de Cabuyaro (Meta), se encuentra localizado en la parte centro oriental del territorio colombiano, a cuatro 4\u00b0 18\u00b440\u00b4\u00b4 latitud Norte, 72\u00b0 48\u00b405\u00b4\u00b4 longitud al Oeste del meridiano de Greenwich. [&hellip;]<\/p>\n","protected":false},"author":37,"featured_media":0,"parent":158,"menu_order":0,"comment_status":"closed","ping_status":"closed","template":"","meta":{"footnotes":""},"class_list":["post-171","page","type-page","status-publish","hentry"],"_links":{"self":[{"href":"https:\/\/agroindustria.utp.edu.co\/conveniomadr\/wp-json\/wp\/v2\/pages\/171","targetHints":{"allow":["GET"]}}],"collection":[{"href":"https:\/\/agroindustria.utp.edu.co\/conveniomadr\/wp-json\/wp\/v2\/pages"}],"about":[{"href":"https:\/\/agroindustria.utp.edu.co\/conveniomadr\/wp-json\/wp\/v2\/types\/page"}],"author":[{"embeddable":true,"href":"https:\/\/agroindustria.utp.edu.co\/conveniomadr\/wp-json\/wp\/v2\/users\/37"}],"replies":[{"embeddable":true,"href":"https:\/\/agroindustria.utp.edu.co\/conveniomadr\/wp-json\/wp\/v2\/comments?post=171"}],"version-history":[{"count":7,"href":"https:\/\/agroindustria.utp.edu.co\/conveniomadr\/wp-json\/wp\/v2\/pages\/171\/revisions"}],"predecessor-version":[{"id":780,"href":"https:\/\/agroindustria.utp.edu.co\/conveniomadr\/wp-json\/wp\/v2\/pages\/171\/revisions\/780"}],"up":[{"embeddable":true,"href":"https:\/\/agroindustria.utp.edu.co\/conveniomadr\/wp-json\/wp\/v2\/pages\/158"}],"wp:attachment":[{"href":"https:\/\/agroindustria.utp.edu.co\/conveniomadr\/wp-json\/wp\/v2\/media?parent=171"}],"curies":[{"name":"wp","href":"https:\/\/api.w.org\/{rel}","templated":true}]}}