{"id":169,"date":"2022-11-29T11:30:12","date_gmt":"2022-11-29T16:30:12","guid":{"rendered":"https:\/\/agroindustria.utp.edu.co\/conveniomadr\/?page_id=169"},"modified":"2022-12-16T02:41:16","modified_gmt":"2022-12-16T07:41:16","slug":"chaparral","status":"publish","type":"page","link":"https:\/\/agroindustria.utp.edu.co\/conveniomadr\/departamentos\/tolima\/chaparral\/","title":{"rendered":"Chaparral"},"content":{"rendered":"\n<div class=\"wp-block-columns has-background is-layout-flex wp-container-core-columns-is-layout-9d6595d7 wp-block-columns-is-layout-flex\" style=\"background-color:#f2f2f2\">\n<div class=\"wp-block-column is-layout-flow wp-block-column-is-layout-flow\">\n<h3 class=\"has-text-align-center has-white-color has-text-color has-background wp-block-heading\" style=\"background-color:#4c591e\">Localizaci\u00f3n y \u00e1rea geogr\u00e1fica<\/h3>\n\n\n\n<div class=\"wp-block-columns is-layout-flex wp-container-core-columns-is-layout-9d6595d7 wp-block-columns-is-layout-flex\">\n<div class=\"wp-block-column is-layout-flow wp-block-column-is-layout-flow\"><div class=\"wp-block-image\">\n<figure class=\"aligncenter size-full\"><img loading=\"lazy\" decoding=\"async\" width=\"516\" height=\"700\" src=\"https:\/\/media2.utp.edu.co\/programas\/111\/2022\/12\/1.-LIMITES-CHA.jpg\" alt=\"\" class=\"wp-image-781\" srcset=\"https:\/\/media2.utp.edu.co\/programas\/111\/2022\/12\/1.-LIMITES-CHA.jpg 516w, https:\/\/media2.utp.edu.co\/programas\/111\/2022\/12\/1.-LIMITES-CHA-221x300.jpg 221w\" sizes=\"auto, (max-width: 516px) 100vw, 516px\" \/><\/figure>\n<\/div><\/div>\n\n\n\n<div class=\"wp-block-column is-layout-flow wp-block-column-is-layout-flow\">\n<p style=\"font-size:28px\">El municipio de Chaparral se encuentra localizado al suroccidente del departamento del Tolima a 4\u00b0 55\u2019 Latitud Norte y 75\u00b0 07\u2019 de Longitud Oeste. <\/p>\n\n\n\n<p style=\"font-size:28px\">Hace parte del Macizo Colombiano, considerado como Parque Nacional Natural lo cual le imprime grandes potencialidades para el fomento y desarrollo de proyectos orientados hacia el Ecoturismo por la diversidad de paisajes y la exuberancia de la flora y faunas all\u00ed predominantes. Es \u00e9ste un centro productor de agua; pues en \u00e9l nacen importantes afluentes h\u00eddricos como los r\u00edos Amoy\u00e1, Mendarco, Irco, Ambeima, entre otros<\/p>\n<\/div>\n<\/div>\n<\/div>\n<\/div>\n\n\n\n<div class=\"wp-block-columns has-background is-layout-flex wp-container-core-columns-is-layout-9d6595d7 wp-block-columns-is-layout-flex\" style=\"background-color:#f2f2f2\">\n<div class=\"wp-block-column is-layout-flow wp-block-column-is-layout-flow\">\n<h3 class=\"has-text-align-center has-white-color has-text-color has-background wp-block-heading\" style=\"background-color:#4c591e\">Poblaci\u00f3n y dispersi\u00f3n<\/h3>\n\n\n\n<div class=\"wp-block-columns is-layout-flex wp-container-core-columns-is-layout-9d6595d7 wp-block-columns-is-layout-flex\">\n<div class=\"wp-block-column is-layout-flow wp-block-column-is-layout-flow\"><div class=\"wp-block-image\">\n<figure class=\"aligncenter size-full\"><img loading=\"lazy\" decoding=\"async\" width=\"752\" height=\"452\" src=\"https:\/\/media2.utp.edu.co\/programas\/111\/2022\/12\/2.-DISPERSION-CHA.jpg\" alt=\"\" class=\"wp-image-782\" srcset=\"https:\/\/media2.utp.edu.co\/programas\/111\/2022\/12\/2.-DISPERSION-CHA.jpg 752w, https:\/\/media2.utp.edu.co\/programas\/111\/2022\/12\/2.-DISPERSION-CHA-300x180.jpg 300w\" sizes=\"auto, (max-width: 752px) 100vw, 752px\" \/><\/figure>\n<\/div><\/div>\n\n\n\n<div class=\"wp-block-column is-layout-flow wp-block-column-is-layout-flow\">\n<p class=\"has-medium-font-size\">Seg\u00fan proyecciones del Censo Nacional de Poblaci\u00f3n y Vivienda 2018, la densidad poblacional del municipio es de 23,96 habitantes por Km<sup>2<\/sup>. <\/p>\n\n\n\n<p class=\"has-medium-font-size\">Adicionalmente, el municipio tiene un total de 50.367 habitantes, en donde la zona rural del municipio alberga el 43, 2% de la poblaci\u00f3n total, mientras que la zona urbana concentra el 56,8% de la poblaci\u00f3n (DANE, 2022). Del total de la poblaci\u00f3n, 49,77% es poblaci\u00f3n masculina y el 50,23% es poblaci\u00f3n femenina.<\/p>\n\n\n\n<p class=\"has-medium-font-size\">En lo que concierne a la distribuci\u00f3n \u00e9tnica, seg\u00fan la secretar\u00eda municipal de planeaci\u00f3n para el a\u00f1o 2016 el municipio contaba con 165 afrocolombianos (89 hombres y 96 mujeres) y 3.783 ind\u00edgenas (1.983 hombres y 1.800 mujeres)<\/p>\n<\/div>\n<\/div>\n<\/div>\n<\/div>\n\n\n\n<div class=\"wp-block-columns has-background is-layout-flex wp-container-core-columns-is-layout-9d6595d7 wp-block-columns-is-layout-flex\" style=\"background-color:#f2f2f2\">\n<div class=\"wp-block-column is-layout-flow wp-block-column-is-layout-flow\">\n<h3 class=\"has-text-align-center has-white-color has-text-color has-background wp-block-heading\" style=\"background-color:#4c591e\">Cadenas productivas priorizadas en el municipio<\/h3>\n\n\n\n<div class=\"wp-block-columns is-layout-flex wp-container-core-columns-is-layout-9d6595d7 wp-block-columns-is-layout-flex\">\n<div class=\"wp-block-column is-layout-flow wp-block-column-is-layout-flow\"><div class=\"wp-block-image\">\n<figure class=\"aligncenter size-full\"><img loading=\"lazy\" decoding=\"async\" width=\"460\" height=\"575\" src=\"https:\/\/media2.utp.edu.co\/programas\/111\/2022\/12\/Cafe\u0301-3.jpg\" alt=\"\" class=\"wp-image-483\" srcset=\"https:\/\/media2.utp.edu.co\/programas\/111\/2022\/12\/Cafe\u0301-3.jpg 460w, https:\/\/media2.utp.edu.co\/programas\/111\/2022\/12\/Cafe\u0301-3-240x300.jpg 240w\" sizes=\"auto, (max-width: 460px) 100vw, 460px\" \/><\/figure>\n<\/div><\/div>\n\n\n\n<div class=\"wp-block-column is-layout-flow wp-block-column-is-layout-flow\">\n<p class=\"has-medium-font-size\">Los principales cultivos son caf\u00e9, cacao, ca\u00f1a panelera y frijol con \u00e1reas sembradas del orden de las 7.800, 2.000, 990 y 400 hect\u00e1reas respectivamente, de las que dependen econ\u00f3micamente m\u00e1s de 5000 familias de peque\u00f1os productores. Algunas familias han establecido cultivos de caucho siendo este un potencial para el municipio<\/p>\n\n\n\n<p class=\"has-medium-font-size\">En este sentido, de acuerdo a los resultados de las encuestas, se destaca el cultivo predominante del caf\u00e9 variedad castillo (71,3%) en un \u00e1rea promedio cultivada de 2,2 hect\u00e1reas y el cultivo de cacao hibrido representado en 37,3%, en un \u00e1rea promedio cultivada de 2,5 hect\u00e1reas; ambos asociados a cultivos de pl\u00e1tano. En una altura promedio de 1420 msnm.<\/p>\n<\/div>\n<\/div>\n<\/div>\n<\/div>\n\n\n\n<div class=\"wp-block-columns has-background is-layout-flex wp-container-core-columns-is-layout-9d6595d7 wp-block-columns-is-layout-flex\" style=\"background-color:#f2f2f2\">\n<div class=\"wp-block-column is-layout-flow wp-block-column-is-layout-flow\">\n<h3 class=\"has-text-align-center has-white-color has-text-color has-background wp-block-heading\" style=\"background-color:#4c591e\">Producci\u00f3n org\u00e1nica y baja en carbono<\/h3>\n\n\n\n<div class=\"wp-block-columns is-layout-flex wp-container-core-columns-is-layout-9d6595d7 wp-block-columns-is-layout-flex\">\n<div class=\"wp-block-column is-layout-flow wp-block-column-is-layout-flow\"><div class=\"wp-block-image\">\n<figure class=\"aligncenter size-full\"><img loading=\"lazy\" decoding=\"async\" width=\"800\" height=\"477\" src=\"https:\/\/media2.utp.edu.co\/programas\/111\/2022\/12\/3.-PROD.-ORG.-CHA.jpg\" alt=\"\" class=\"wp-image-783\" srcset=\"https:\/\/media2.utp.edu.co\/programas\/111\/2022\/12\/3.-PROD.-ORG.-CHA.jpg 800w, https:\/\/media2.utp.edu.co\/programas\/111\/2022\/12\/3.-PROD.-ORG.-CHA-300x179.jpg 300w, https:\/\/media2.utp.edu.co\/programas\/111\/2022\/12\/3.-PROD.-ORG.-CHA-768x458.jpg 768w\" sizes=\"auto, (max-width: 800px) 100vw, 800px\" \/><\/figure>\n<\/div><\/div>\n\n\n\n<div class=\"wp-block-column is-layout-flow wp-block-column-is-layout-flow\">\n<p class=\"has-medium-font-size\">En lo concerniente a la producci\u00f3n org\u00e1nica y baja en carbono, seg\u00fan resultados de los pilotos, aunque se obtuvieron bajos puntajes, se puede afirmar que en el municipio algunos realizan un adecuado manejo integrado de plagas y enfermedades; adicionalmente, existen algunas iniciativas para la implementaci\u00f3n de estrategias de sensibilizaci\u00f3n ambiental y se han adoptado algunas pr\u00e1cticas de agricultura de conservaci\u00f3n tales como: Labranza cero, mantenimiento de una cubierta permanente del suelo, Diversificaci\u00f3n de las especies, Asociaci\u00f3n o rotaci\u00f3n de cultivo, terr\u00e1ceo, Curvas a nivel, compostaje entre otros. <\/p>\n\n\n\n<p class=\"has-medium-font-size\">En contraste, es evidente que existe poco aprovechamiento integral del recurso h\u00eddrico, ya que, en el municipio, seg\u00fan los resultados del plan piloto, como fuente de agua utilizan principalmente el acueducto.<\/p>\n<\/div>\n<\/div>\n<\/div>\n<\/div>\n\n\n\n<div class=\"wp-block-columns has-background is-layout-flex wp-container-core-columns-is-layout-9d6595d7 wp-block-columns-is-layout-flex\" style=\"background-color:#f2f2f2\">\n<div class=\"wp-block-column is-layout-flow wp-block-column-is-layout-flow\">\n<h3 class=\"has-text-align-center has-white-color has-text-color has-background wp-block-heading\" style=\"background-color:#4c591e\">Brechas a cerrar conforme a la clasificaci\u00f3n de usuarios<\/h3>\n\n\n\n<div class=\"wp-block-columns is-layout-flex wp-container-core-columns-is-layout-9d6595d7 wp-block-columns-is-layout-flex\">\n<div class=\"wp-block-column is-layout-flow wp-block-column-is-layout-flow\"><div class=\"wp-block-image\">\n<figure class=\"aligncenter size-full\"><img loading=\"lazy\" decoding=\"async\" width=\"847\" height=\"551\" src=\"https:\/\/media2.utp.edu.co\/programas\/111\/2022\/12\/4.-BRECHAS-CHA.jpg\" alt=\"\" class=\"wp-image-784\" srcset=\"https:\/\/media2.utp.edu.co\/programas\/111\/2022\/12\/4.-BRECHAS-CHA.jpg 847w, https:\/\/media2.utp.edu.co\/programas\/111\/2022\/12\/4.-BRECHAS-CHA-300x195.jpg 300w, https:\/\/media2.utp.edu.co\/programas\/111\/2022\/12\/4.-BRECHAS-CHA-768x500.jpg 768w\" sizes=\"auto, (max-width: 847px) 100vw, 847px\" \/><figcaption>La Asociatividad es el subsistema mejor calificado en Chaparral (Tolima). La promoci\u00f3n de la producci\u00f3n asociativa obtuvo un puntaje de 2,3 puntos. La participaci\u00f3n en programas de capacitaci\u00f3n en temas relacionados con el SNIA (43) fue la condici\u00f3n menos valorada en el subsistema TIC.<\/figcaption><\/figure>\n<\/div>\n\n<div class=\"wp-block-image\">\n<figure class=\"aligncenter size-full\"><img loading=\"lazy\" decoding=\"async\" width=\"752\" height=\"452\" src=\"https:\/\/media2.utp.edu.co\/programas\/111\/2022\/12\/6.-ASOCIAT-CHA.jpg\" alt=\"\" class=\"wp-image-786\" srcset=\"https:\/\/media2.utp.edu.co\/programas\/111\/2022\/12\/6.-ASOCIAT-CHA.jpg 752w, https:\/\/media2.utp.edu.co\/programas\/111\/2022\/12\/6.-ASOCIAT-CHA-300x180.jpg 300w\" sizes=\"auto, (max-width: 752px) 100vw, 752px\" \/><figcaption>Para el aspecto de asociatividad, la promoci\u00f3n de la asociatividad (27) fue la pregunta mejor valorada, mientras que la participaci\u00f3n en programas\/fondos (23) fue la de menor puntaje.<\/figcaption><\/figure>\n<\/div>\n\n<div class=\"wp-block-image\">\n<figure class=\"aligncenter size-full\"><img loading=\"lazy\" decoding=\"async\" width=\"804\" height=\"482\" src=\"https:\/\/media2.utp.edu.co\/programas\/111\/2022\/12\/8.-TIC-CHA.jpg\" alt=\"\" class=\"wp-image-788\" srcset=\"https:\/\/media2.utp.edu.co\/programas\/111\/2022\/12\/8.-TIC-CHA.jpg 804w, https:\/\/media2.utp.edu.co\/programas\/111\/2022\/12\/8.-TIC-CHA-300x180.jpg 300w, https:\/\/media2.utp.edu.co\/programas\/111\/2022\/12\/8.-TIC-CHA-768x460.jpg 768w\" sizes=\"auto, (max-width: 804px) 100vw, 804px\" \/><figcaption>Para el aspecto de TIC, el trabajo colaborativo entre entidades para la prestaci\u00f3n del servicio de extensi\u00f3n (29) fue la pregunta mejor valorada, mientras que la participaci\u00f3n en proyectos con los actores del SNIA de la regi\u00f3n relacionados con I+D+i y transferencia de tecnolog\u00eda (43) fue la de menor puntaje.<\/figcaption><\/figure>\n<\/div><\/div>\n\n\n\n<div class=\"wp-block-column is-layout-flow wp-block-column-is-layout-flow\"><div class=\"wp-block-image\">\n<figure class=\"aligncenter size-large\"><img loading=\"lazy\" decoding=\"async\" width=\"1024\" height=\"540\" src=\"https:\/\/media2.utp.edu.co\/programas\/111\/2022\/12\/5.-ASIST-TECN-CHA-1024x540.jpg\" alt=\"\" class=\"wp-image-785\" srcset=\"https:\/\/media2.utp.edu.co\/programas\/111\/2022\/12\/5.-ASIST-TECN-CHA-1024x540.jpg 1024w, https:\/\/media2.utp.edu.co\/programas\/111\/2022\/12\/5.-ASIST-TECN-CHA-300x158.jpg 300w, https:\/\/media2.utp.edu.co\/programas\/111\/2022\/12\/5.-ASIST-TECN-CHA-768x405.jpg 768w, https:\/\/media2.utp.edu.co\/programas\/111\/2022\/12\/5.-ASIST-TECN-CHA.jpg 1084w\" sizes=\"auto, (max-width: 1024px) 100vw, 1024px\" \/><figcaption>Para el aspecto de asistencia t\u00e9cnica, la realizaci\u00f3n de las actividades agr\u00edcolas o pecuarias de acuerdo con criterios t\u00e9cnicos (62) fue la pregunta mejor valorada, mientras que la participaci\u00f3n en programas de formaci\u00f3n\/capacitaci\u00f3n o el beneficio con instrumentos de los actores del SNIA de la regi\u00f3n (45) fue la de menor puntaje.<\/figcaption><\/figure>\n<\/div>\n\n<div class=\"wp-block-image\">\n<figure class=\"aligncenter size-full\"><img loading=\"lazy\" decoding=\"async\" width=\"882\" height=\"566\" src=\"https:\/\/media2.utp.edu.co\/programas\/111\/2022\/12\/7.-MEMBRESIA-CHA.jpg\" alt=\"\" class=\"wp-image-787\" srcset=\"https:\/\/media2.utp.edu.co\/programas\/111\/2022\/12\/7.-MEMBRESIA-CHA.jpg 882w, https:\/\/media2.utp.edu.co\/programas\/111\/2022\/12\/7.-MEMBRESIA-CHA-300x193.jpg 300w, https:\/\/media2.utp.edu.co\/programas\/111\/2022\/12\/7.-MEMBRESIA-CHA-768x493.jpg 768w\" sizes=\"auto, (max-width: 882px) 100vw, 882px\" \/><figcaption>Para el municipio de Chaparral se encontr\u00f3 que existe un 61% de presencia de mano de obra familiar, mientras que 54% de los encuestados manifiesta que pertenece a alguna figura colectiva agropecuaria.<\/figcaption><\/figure>\n<\/div>\n\n<div class=\"wp-block-image\">\n<figure class=\"aligncenter size-full\"><img loading=\"lazy\" decoding=\"async\" width=\"800\" height=\"477\" src=\"https:\/\/media2.utp.edu.co\/programas\/111\/2022\/12\/9.-AMBIENT-CHA.jpg\" alt=\"\" class=\"wp-image-789\" srcset=\"https:\/\/media2.utp.edu.co\/programas\/111\/2022\/12\/9.-AMBIENT-CHA.jpg 800w, https:\/\/media2.utp.edu.co\/programas\/111\/2022\/12\/9.-AMBIENT-CHA-300x179.jpg 300w, https:\/\/media2.utp.edu.co\/programas\/111\/2022\/12\/9.-AMBIENT-CHA-768x458.jpg 768w\" sizes=\"auto, (max-width: 800px) 100vw, 800px\" \/><figcaption>Para el aspecto Ambiental, el manejo integrado de plagas y enfermedades (70) fue la pregunta mejor valorada, mientras que la realizaci\u00f3n de an\u00e1lisis de agua (69) fue la de menor puntaje.<\/figcaption><\/figure>\n<\/div><\/div>\n<\/div>\n\n\n\n<div class=\"wp-block-columns is-layout-flex wp-container-core-columns-is-layout-9d6595d7 wp-block-columns-is-layout-flex\">\n<div class=\"wp-block-column is-layout-flow wp-block-column-is-layout-flow\"><div class=\"wp-block-image\">\n<figure class=\"aligncenter size-full\"><img loading=\"lazy\" decoding=\"async\" width=\"779\" height=\"458\" src=\"https:\/\/media2.utp.edu.co\/programas\/111\/2022\/12\/10.-FUENTE-AGUA-CHA.jpg\" alt=\"\" class=\"wp-image-790\" srcset=\"https:\/\/media2.utp.edu.co\/programas\/111\/2022\/12\/10.-FUENTE-AGUA-CHA.jpg 779w, https:\/\/media2.utp.edu.co\/programas\/111\/2022\/12\/10.-FUENTE-AGUA-CHA-300x176.jpg 300w, https:\/\/media2.utp.edu.co\/programas\/111\/2022\/12\/10.-FUENTE-AGUA-CHA-768x452.jpg 768w\" sizes=\"auto, (max-width: 779px) 100vw, 779px\" \/><figcaption>Seg\u00fan los encuestados, como fuente de agua utilizan principalmente el acueducto.<\/figcaption><\/figure>\n<\/div><\/div>\n\n\n\n<div class=\"wp-block-column is-layout-flow wp-block-column-is-layout-flow\"><div class=\"wp-block-image\">\n<figure class=\"aligncenter size-full\"><img loading=\"lazy\" decoding=\"async\" width=\"752\" height=\"452\" src=\"https:\/\/media2.utp.edu.co\/programas\/111\/2022\/12\/11.-POLIT-PUBL-CHA.jpg\" alt=\"\" class=\"wp-image-791\" srcset=\"https:\/\/media2.utp.edu.co\/programas\/111\/2022\/12\/11.-POLIT-PUBL-CHA.jpg 752w, https:\/\/media2.utp.edu.co\/programas\/111\/2022\/12\/11.-POLIT-PUBL-CHA-300x180.jpg 300w\" sizes=\"auto, (max-width: 752px) 100vw, 752px\" \/><figcaption>Para el aspecto de Pol\u00edtica P\u00fablica, el uso apropiado del suelo (26) fue la pregunta mejor valorada, mientras que la existencia de personas directamente involucradas en actividades de I+D+i que establezcan alianzas estrat\u00e9gicas con grupos de inter\u00e9s del SNIA (85) fue la de menor puntaje.<\/figcaption><\/figure>\n<\/div><\/div>\n<\/div>\n<\/div>\n<\/div>\n\n\n\n<div class=\"wp-block-columns has-background is-layout-flex wp-container-core-columns-is-layout-9d6595d7 wp-block-columns-is-layout-flex\" style=\"background-color:#f2f2f2\">\n<div class=\"wp-block-column is-layout-flow wp-block-column-is-layout-flow\">\n<h3 class=\"has-text-align-center has-white-color has-text-color has-background wp-block-heading\" style=\"background-color:#4c591e\">Acceso a TIC\u2019s<\/h3>\n\n\n\n<div class=\"wp-block-columns is-layout-flex wp-container-core-columns-is-layout-9d6595d7 wp-block-columns-is-layout-flex\">\n<div class=\"wp-block-column is-layout-flow wp-block-column-is-layout-flow\"><div class=\"wp-block-image\">\n<figure class=\"aligncenter size-full\"><img loading=\"lazy\" decoding=\"async\" width=\"640\" height=\"477\" src=\"https:\/\/media2.utp.edu.co\/programas\/111\/2022\/12\/12.-ACCESO-TIC-CHA.jpg\" alt=\"\" class=\"wp-image-792\" srcset=\"https:\/\/media2.utp.edu.co\/programas\/111\/2022\/12\/12.-ACCESO-TIC-CHA.jpg 640w, https:\/\/media2.utp.edu.co\/programas\/111\/2022\/12\/12.-ACCESO-TIC-CHA-300x224.jpg 300w\" sizes=\"auto, (max-width: 640px) 100vw, 640px\" \/><\/figure>\n<\/div><\/div>\n\n\n\n<div class=\"wp-block-column is-layout-flow wp-block-column-is-layout-flow\">\n<p class=\"has-medium-font-size\">En lo concerniente al acceso a TIC\u00b4s, se obtuvo valores muy bajos; sin embargo, el uso de TIC\u2019S como herramienta para la toma de decisi\u00f3n para la producci\u00f3n (60) fue la pregunta mejor valorada, mientras que la existencia de personas directamente involucradas en actividades de I+D+i y establecen alianzas estrat\u00e9gicas con grupos de inter\u00e9s del SNIA (56) fue la de menor puntaje.<\/p>\n<\/div>\n<\/div>\n<\/div>\n<\/div>\n","protected":false},"excerpt":{"rendered":"<p>Localizaci\u00f3n y \u00e1rea geogr\u00e1fica El municipio de Chaparral se encuentra localizado al suroccidente del departamento del Tolima a 4\u00b0 55\u2019 Latitud Norte y 75\u00b0 07\u2019 de Longitud Oeste. Hace parte del Macizo Colombiano, considerado como [&hellip;]<\/p>\n","protected":false},"author":37,"featured_media":0,"parent":162,"menu_order":0,"comment_status":"closed","ping_status":"closed","template":"","meta":{"footnotes":""},"class_list":["post-169","page","type-page","status-publish","hentry"],"_links":{"self":[{"href":"https:\/\/agroindustria.utp.edu.co\/conveniomadr\/wp-json\/wp\/v2\/pages\/169","targetHints":{"allow":["GET"]}}],"collection":[{"href":"https:\/\/agroindustria.utp.edu.co\/conveniomadr\/wp-json\/wp\/v2\/pages"}],"about":[{"href":"https:\/\/agroindustria.utp.edu.co\/conveniomadr\/wp-json\/wp\/v2\/types\/page"}],"author":[{"embeddable":true,"href":"https:\/\/agroindustria.utp.edu.co\/conveniomadr\/wp-json\/wp\/v2\/users\/37"}],"replies":[{"embeddable":true,"href":"https:\/\/agroindustria.utp.edu.co\/conveniomadr\/wp-json\/wp\/v2\/comments?post=169"}],"version-history":[{"count":11,"href":"https:\/\/agroindustria.utp.edu.co\/conveniomadr\/wp-json\/wp\/v2\/pages\/169\/revisions"}],"predecessor-version":[{"id":821,"href":"https:\/\/agroindustria.utp.edu.co\/conveniomadr\/wp-json\/wp\/v2\/pages\/169\/revisions\/821"}],"up":[{"embeddable":true,"href":"https:\/\/agroindustria.utp.edu.co\/conveniomadr\/wp-json\/wp\/v2\/pages\/162"}],"wp:attachment":[{"href":"https:\/\/agroindustria.utp.edu.co\/conveniomadr\/wp-json\/wp\/v2\/media?parent=169"}],"curies":[{"name":"wp","href":"https:\/\/api.w.org\/{rel}","templated":true}]}}