{"id":165,"date":"2022-11-29T11:28:16","date_gmt":"2022-11-29T16:28:16","guid":{"rendered":"https:\/\/agroindustria.utp.edu.co\/conveniomadr\/?page_id=165"},"modified":"2022-12-16T02:12:48","modified_gmt":"2022-12-16T07:12:48","slug":"vista-hermosa","status":"publish","type":"page","link":"https:\/\/agroindustria.utp.edu.co\/conveniomadr\/departamentos\/meta\/vista-hermosa\/","title":{"rendered":"Vistahermosa"},"content":{"rendered":"\n<div class=\"wp-block-columns has-background is-layout-flex wp-container-core-columns-is-layout-9d6595d7 wp-block-columns-is-layout-flex\" style=\"background-color:#f2f2f2\">\n<div class=\"wp-block-column is-layout-flow wp-block-column-is-layout-flow\">\n<h3 class=\"has-text-align-center has-white-color has-text-color has-background wp-block-heading\" style=\"background-color:#4c591e\">Localizaci\u00f3n y \u00e1rea geogr\u00e1fica<\/h3>\n\n\n\n<div class=\"wp-block-columns is-layout-flex wp-container-core-columns-is-layout-9d6595d7 wp-block-columns-is-layout-flex\">\n<div class=\"wp-block-column is-layout-flow wp-block-column-is-layout-flow\"><div class=\"wp-block-image\">\n<figure class=\"aligncenter size-full\"><img loading=\"lazy\" decoding=\"async\" width=\"838\" height=\"669\" src=\"https:\/\/media2.utp.edu.co\/programas\/111\/2022\/12\/1.-LIMITES-VH.jpg\" alt=\"\" class=\"wp-image-762\" srcset=\"https:\/\/media2.utp.edu.co\/programas\/111\/2022\/12\/1.-LIMITES-VH.jpg 838w, https:\/\/media2.utp.edu.co\/programas\/111\/2022\/12\/1.-LIMITES-VH-300x239.jpg 300w, https:\/\/media2.utp.edu.co\/programas\/111\/2022\/12\/1.-LIMITES-VH-768x613.jpg 768w\" sizes=\"auto, (max-width: 838px) 100vw, 838px\" \/><\/figure>\n<\/div><\/div>\n\n\n\n<div class=\"wp-block-column is-layout-flow wp-block-column-is-layout-flow\">\n<p class=\"has-medium-font-size\">El municipio de Vistahermosa se encuentra localizado en la parte Sur de la regi\u00f3n del Piedemonte del Departamento del Meta, a 264 km de Bogot\u00e1 35 y 157 km de Villavicencio. Presenta una ubicaci\u00f3n geoestacionaria a Latitud Norte: 03\u00b0 08\u00b4 55\u201d y Longitud Oeste: 73\u00b0 45\u00b4 45\u201d. <\/p>\n\n\n\n<p class=\"has-medium-font-size\">Los l\u00edmites geogr\u00e1ficos del municipio son los siguientes: El municipio limita al norte con el municipio de San Juan de Arama, al nororiente con el municipio de Puerto Lleras, al sur con el departamento del Guaviare y el municipio de La Macarena, al sur occidente con el municipio de Uribe, al oriente con el municipio de Puerto Rico y al occidente con el municipio de Mesetas<\/p>\n<\/div>\n<\/div>\n<\/div>\n<\/div>\n\n\n\n<div class=\"wp-block-columns has-background is-layout-flex wp-container-core-columns-is-layout-9d6595d7 wp-block-columns-is-layout-flex\" style=\"background-color:#f2f2f2\">\n<div class=\"wp-block-column is-layout-flow wp-block-column-is-layout-flow\">\n<h3 class=\"has-text-align-center has-white-color has-text-color has-background wp-block-heading\" style=\"background-color:#4c591e\">Poblaci\u00f3n y dispersi\u00f3n<\/h3>\n\n\n\n<div class=\"wp-block-columns is-layout-flex wp-container-core-columns-is-layout-9d6595d7 wp-block-columns-is-layout-flex\">\n<div class=\"wp-block-column is-layout-flow wp-block-column-is-layout-flow\"><div class=\"wp-block-image\">\n<figure class=\"aligncenter size-full\"><img loading=\"lazy\" decoding=\"async\" width=\"752\" height=\"452\" src=\"https:\/\/media2.utp.edu.co\/programas\/111\/2022\/12\/2.-DISPERSION-VH.jpg\" alt=\"\" class=\"wp-image-763\" srcset=\"https:\/\/media2.utp.edu.co\/programas\/111\/2022\/12\/2.-DISPERSION-VH.jpg 752w, https:\/\/media2.utp.edu.co\/programas\/111\/2022\/12\/2.-DISPERSION-VH-300x180.jpg 300w\" sizes=\"auto, (max-width: 752px) 100vw, 752px\" \/><\/figure>\n<\/div><\/div>\n\n\n\n<div class=\"wp-block-column is-layout-flow wp-block-column-is-layout-flow\">\n<p class=\"has-medium-font-size\">Seg\u00fan proyecciones del Censo Nacional de Poblaci\u00f3n y Vivienda 2018, la densidad poblacional del municipio es de 3,69 habitantes por Km<sup>2<\/sup>. Adicionalmente, el municipio tiene un total de 17.778 habitantes, en donde la zona rural del municipio alberga el 59,2% de la poblaci\u00f3n total, mientras que la zona urbana concentra el 40,8% de la poblaci\u00f3n (DANE, 2022). <\/p>\n\n\n\n<p class=\"has-medium-font-size\">El porcentaje de mujeres equivale al 49,5% y de hombres el 49,5% respectivamente. Sin embargo, se estima que la poblaci\u00f3n durante el periodo contiguo a la firma de los Acuerdos de Paz ha aumentado, por el retorno de familias a sitios rurales y urbanos donde salieron por eventos del conflicto armado.<\/p>\n<\/div>\n<\/div>\n<\/div>\n<\/div>\n\n\n\n<div class=\"wp-block-columns has-background is-layout-flex wp-container-core-columns-is-layout-9d6595d7 wp-block-columns-is-layout-flex\" style=\"background-color:#f2f2f2\">\n<div class=\"wp-block-column is-layout-flow wp-block-column-is-layout-flow\">\n<h3 class=\"has-text-align-center has-white-color has-text-color has-background wp-block-heading\" style=\"background-color:#4c591e\">Cadenas productivas priorizadas en el municipio<\/h3>\n\n\n\n<div class=\"wp-block-columns is-layout-flex wp-container-core-columns-is-layout-9d6595d7 wp-block-columns-is-layout-flex\">\n<div class=\"wp-block-column is-layout-flow wp-block-column-is-layout-flow\"><div class=\"wp-block-image\">\n<figure class=\"aligncenter size-full\"><img loading=\"lazy\" decoding=\"async\" width=\"715\" height=\"487\" src=\"https:\/\/media2.utp.edu.co\/programas\/111\/2022\/12\/Sacha-inchi-1.jpg\" alt=\"\" class=\"wp-image-774\" srcset=\"https:\/\/media2.utp.edu.co\/programas\/111\/2022\/12\/Sacha-inchi-1.jpg 715w, https:\/\/media2.utp.edu.co\/programas\/111\/2022\/12\/Sacha-inchi-1-300x204.jpg 300w\" sizes=\"auto, (max-width: 715px) 100vw, 715px\" \/><\/figure>\n<\/div><\/div>\n\n\n\n<div class=\"wp-block-column is-layout-flow wp-block-column-is-layout-flow\">\n<p class=\"has-medium-font-size\">De acuerdo a los resultados de las encuestas, en este municipio se destaca el cultivo de cacao con un 60%, de las variedades CCN 51 (26%) y FEAR 5 (35%), con un \u00e1rea promedio cultivada de 0,5 hect\u00e1reas asociado a cultivos de aguacate, ma\u00edz y pl\u00e1tano. Tambi\u00e9n sobresale la producci\u00f3n pecuaria de ganader\u00eda representada en un 19,3% de la raza ceb\u00fa (93%) y girolanda (14,2%) y la producci\u00f3n forestal del Sacha inchi como cultivo transitorio con 12,3% de la variedad copoaz\u00fa, asociado a cultivos de maracuy\u00e1 y yuca. En una altura promedio de 309 msnm.<\/p>\n<\/div>\n<\/div>\n<\/div>\n<\/div>\n\n\n\n<div class=\"wp-block-columns has-background is-layout-flex wp-container-core-columns-is-layout-9d6595d7 wp-block-columns-is-layout-flex\" style=\"background-color:#f2f2f2\">\n<div class=\"wp-block-column is-layout-flow wp-block-column-is-layout-flow\">\n<h3 class=\"has-text-align-center has-white-color has-text-color has-background wp-block-heading\" style=\"background-color:#4c591e\">Producci\u00f3n org\u00e1nica y baja en carbono<\/h3>\n\n\n\n<div class=\"wp-block-columns is-layout-flex wp-container-core-columns-is-layout-9d6595d7 wp-block-columns-is-layout-flex\">\n<div class=\"wp-block-column is-layout-flow wp-block-column-is-layout-flow\"><div class=\"wp-block-image\">\n<figure class=\"aligncenter size-full\"><img loading=\"lazy\" decoding=\"async\" width=\"752\" height=\"452\" src=\"https:\/\/media2.utp.edu.co\/programas\/111\/2022\/12\/3.-PROD.-ORG.-VH.jpg\" alt=\"\" class=\"wp-image-764\" srcset=\"https:\/\/media2.utp.edu.co\/programas\/111\/2022\/12\/3.-PROD.-ORG.-VH.jpg 752w, https:\/\/media2.utp.edu.co\/programas\/111\/2022\/12\/3.-PROD.-ORG.-VH-300x180.jpg 300w\" sizes=\"auto, (max-width: 752px) 100vw, 752px\" \/><\/figure>\n<\/div><\/div>\n\n\n\n<div class=\"wp-block-column is-layout-flow wp-block-column-is-layout-flow\">\n<p class=\"has-medium-font-size\">En lo concerniente a la producci\u00f3n org\u00e1nica y baja en carbono, seg\u00fan resultados de los pilotos, aunque se obtuvieron bajos puntajes, se puede afirmar que el municipio posee algunos lineamientos para la aplicaci\u00f3n de acciones de implementaci\u00f3n de modelos sostenibles; adicionalmente, existe implementaci\u00f3n de estrategias de sensibilizaci\u00f3n ambiental y se han adoptado algunas estrategias de econom\u00eda circular. <\/p>\n\n\n\n<p class=\"has-medium-font-size\">En contraste, es evidente el poco aprovechamiento integral del recurso h\u00eddrico, ya que, en el municipio, seg\u00fan los resultados del plan piloto, como fuente de agua utilizan principalmente agua de nacimiento y otras fuentes.<\/p>\n<\/div>\n<\/div>\n<\/div>\n<\/div>\n\n\n\n<div class=\"wp-block-columns has-background is-layout-flex wp-container-core-columns-is-layout-9d6595d7 wp-block-columns-is-layout-flex\" style=\"background-color:#f2f2f2\">\n<div class=\"wp-block-column is-layout-flow wp-block-column-is-layout-flow\">\n<h3 class=\"has-text-align-center has-white-color has-text-color has-background wp-block-heading\" style=\"background-color:#4c591e\">Brechas a cerrar conforme a la clasificaci\u00f3n de usuarios<\/h3>\n\n\n\n<div class=\"wp-block-columns is-layout-flex wp-container-core-columns-is-layout-9d6595d7 wp-block-columns-is-layout-flex\">\n<div class=\"wp-block-column is-layout-flow wp-block-column-is-layout-flow\"><div class=\"wp-block-image\">\n<figure class=\"aligncenter size-full\"><img loading=\"lazy\" decoding=\"async\" width=\"848\" height=\"551\" src=\"https:\/\/media2.utp.edu.co\/programas\/111\/2022\/12\/4.-BRECHAS-VH.jpg\" alt=\"\" class=\"wp-image-765\" srcset=\"https:\/\/media2.utp.edu.co\/programas\/111\/2022\/12\/4.-BRECHAS-VH.jpg 848w, https:\/\/media2.utp.edu.co\/programas\/111\/2022\/12\/4.-BRECHAS-VH-300x195.jpg 300w, https:\/\/media2.utp.edu.co\/programas\/111\/2022\/12\/4.-BRECHAS-VH-768x499.jpg 768w\" sizes=\"auto, (max-width: 848px) 100vw, 848px\" \/><figcaption>La Asociatividad y la Pol\u00edtica P\u00fablica son las dos categor\u00edas principales en Vistahermosa (Meta). El servicio de extensi\u00f3n (73) recibi\u00f3 la menor calificaci\u00f3n con 1,1. Las subcategor\u00edas en el sistema de TIC presentan las calificaciones m\u00e1s bajas en el municipio. El uso adecuado del predio, conforme con el plan de ordenamiento territorial destaca la mayor calificaci\u00f3n con 3,8 puntos dentro de subsistema de Pol\u00edtica P\u00fablica.<\/figcaption><\/figure>\n<\/div>\n\n<div class=\"wp-block-image\">\n<figure class=\"aligncenter size-full\"><img loading=\"lazy\" decoding=\"async\" width=\"752\" height=\"452\" src=\"https:\/\/media2.utp.edu.co\/programas\/111\/2022\/12\/6.-ASOCIAT-VH.jpg\" alt=\"\" class=\"wp-image-767\" srcset=\"https:\/\/media2.utp.edu.co\/programas\/111\/2022\/12\/6.-ASOCIAT-VH.jpg 752w, https:\/\/media2.utp.edu.co\/programas\/111\/2022\/12\/6.-ASOCIAT-VH-300x180.jpg 300w\" sizes=\"auto, (max-width: 752px) 100vw, 752px\" \/><figcaption>Para el aspecto de asociatividad, la promoci\u00f3n de la asociatividad (27) fue la pregunta mejor valorada, mientras que la participaci\u00f3n en programas\/fondos (23) fue la de menor puntaje.<\/figcaption><\/figure>\n<\/div>\n\n<div class=\"wp-block-image\">\n<figure class=\"aligncenter size-full\"><img loading=\"lazy\" decoding=\"async\" width=\"752\" height=\"452\" src=\"https:\/\/media2.utp.edu.co\/programas\/111\/2022\/12\/8.-TIC-VH.jpg\" alt=\"\" class=\"wp-image-769\" srcset=\"https:\/\/media2.utp.edu.co\/programas\/111\/2022\/12\/8.-TIC-VH.jpg 752w, https:\/\/media2.utp.edu.co\/programas\/111\/2022\/12\/8.-TIC-VH-300x180.jpg 300w\" sizes=\"auto, (max-width: 752px) 100vw, 752px\" \/><figcaption>Para el aspecto de TIC, el trabajo conjunto entre instituciones para implementar actividades de investigaci\u00f3n, desarrollo tecnol\u00f3gico, transferencia tecnol\u00f3gica, protecci\u00f3n sanitaria y fitosanitaria e inocuidad (34) fue la pregunta mejor valorada, mientras que la participaci\u00f3n en proyectos con los actores del SNIA de la regi\u00f3n relacionados con I+D+i y transferencia de tecnolog\u00eda (43) fue la de menor puntaje.<\/figcaption><\/figure>\n<\/div><\/div>\n\n\n\n<div class=\"wp-block-column is-layout-flow wp-block-column-is-layout-flow\"><div class=\"wp-block-image\">\n<figure class=\"aligncenter size-large\"><img loading=\"lazy\" decoding=\"async\" width=\"1024\" height=\"442\" src=\"https:\/\/media2.utp.edu.co\/programas\/111\/2022\/12\/5.-ASIST-TECN-VH-1024x442.jpg\" alt=\"\" class=\"wp-image-766\" srcset=\"https:\/\/media2.utp.edu.co\/programas\/111\/2022\/12\/5.-ASIST-TECN-VH-1024x442.jpg 1024w, https:\/\/media2.utp.edu.co\/programas\/111\/2022\/12\/5.-ASIST-TECN-VH-300x129.jpg 300w, https:\/\/media2.utp.edu.co\/programas\/111\/2022\/12\/5.-ASIST-TECN-VH-768x331.jpg 768w, https:\/\/media2.utp.edu.co\/programas\/111\/2022\/12\/5.-ASIST-TECN-VH.jpg 1048w\" sizes=\"auto, (max-width: 1024px) 100vw, 1024px\" \/><figcaption>Para el aspecto de asistencia t\u00e9cnica, la realizaci\u00f3n de las actividades agr\u00edcolas o pecuarias de acuerdo con criterios t\u00e9cnicos (62) fue la pregunta mejor valorada, mientras que servicio de extensi\u00f3n agropecuaria recibido (73) fue la de menor puntaje.<\/figcaption><\/figure>\n<\/div>\n\n<div class=\"wp-block-image\">\n<figure class=\"aligncenter size-full\"><img loading=\"lazy\" decoding=\"async\" width=\"871\" height=\"580\" src=\"https:\/\/media2.utp.edu.co\/programas\/111\/2022\/12\/7.-MEMBRESIA-VH.jpg\" alt=\"\" class=\"wp-image-768\" srcset=\"https:\/\/media2.utp.edu.co\/programas\/111\/2022\/12\/7.-MEMBRESIA-VH.jpg 871w, https:\/\/media2.utp.edu.co\/programas\/111\/2022\/12\/7.-MEMBRESIA-VH-300x200.jpg 300w, https:\/\/media2.utp.edu.co\/programas\/111\/2022\/12\/7.-MEMBRESIA-VH-768x511.jpg 768w\" sizes=\"auto, (max-width: 871px) 100vw, 871px\" \/><figcaption>Para el municipio de Vistahermosa se encontr\u00f3 que existe un 71% de presencia de mano de obra familiar, mientras que 78% de los encuestados manifiesta que pertenece a alguna figura colectiva agropecuaria.<\/figcaption><\/figure>\n<\/div>\n\n<div class=\"wp-block-image\">\n<figure class=\"aligncenter size-full\"><img loading=\"lazy\" decoding=\"async\" width=\"752\" height=\"452\" src=\"https:\/\/media2.utp.edu.co\/programas\/111\/2022\/12\/9.-AMBIENT-VH.jpg\" alt=\"\" class=\"wp-image-770\" srcset=\"https:\/\/media2.utp.edu.co\/programas\/111\/2022\/12\/9.-AMBIENT-VH.jpg 752w, https:\/\/media2.utp.edu.co\/programas\/111\/2022\/12\/9.-AMBIENT-VH-300x180.jpg 300w\" sizes=\"auto, (max-width: 752px) 100vw, 752px\" \/><figcaption>Para el aspecto Ambiental, la aplicaci\u00f3n de pol\u00edticas\/acciones de implementaci\u00f3n de modelos sostenibles (48) fue la pregunta mejor valorada, mientras que la realizaci\u00f3n de an\u00e1lisis de agua (69) fue la de menor puntaje.<\/figcaption><\/figure>\n<\/div><\/div>\n<\/div>\n\n\n\n<div class=\"wp-block-columns is-layout-flex wp-container-core-columns-is-layout-9d6595d7 wp-block-columns-is-layout-flex\">\n<div class=\"wp-block-column is-layout-flow wp-block-column-is-layout-flow\"><div class=\"wp-block-image\">\n<figure class=\"aligncenter size-full\"><img loading=\"lazy\" decoding=\"async\" width=\"742\" height=\"491\" src=\"https:\/\/media2.utp.edu.co\/programas\/111\/2022\/12\/10.-FUENTE-AGUA-VH.jpg\" alt=\"\" class=\"wp-image-771\" srcset=\"https:\/\/media2.utp.edu.co\/programas\/111\/2022\/12\/10.-FUENTE-AGUA-VH.jpg 742w, https:\/\/media2.utp.edu.co\/programas\/111\/2022\/12\/10.-FUENTE-AGUA-VH-300x199.jpg 300w\" sizes=\"auto, (max-width: 742px) 100vw, 742px\" \/><figcaption>Seg\u00fan los encuestados, como fuente de agua utilizan principalmente agua de nacimiento, acueducto y otras fuentes.<\/figcaption><\/figure>\n<\/div><\/div>\n\n\n\n<div class=\"wp-block-column is-layout-flow wp-block-column-is-layout-flow\"><div class=\"wp-block-image\">\n<figure class=\"aligncenter size-full\"><img loading=\"lazy\" decoding=\"async\" width=\"794\" height=\"546\" src=\"https:\/\/media2.utp.edu.co\/programas\/111\/2022\/12\/11.-POLIT-PUBL-VH.jpg\" alt=\"\" class=\"wp-image-772\" srcset=\"https:\/\/media2.utp.edu.co\/programas\/111\/2022\/12\/11.-POLIT-PUBL-VH.jpg 794w, https:\/\/media2.utp.edu.co\/programas\/111\/2022\/12\/11.-POLIT-PUBL-VH-300x206.jpg 300w, https:\/\/media2.utp.edu.co\/programas\/111\/2022\/12\/11.-POLIT-PUBL-VH-768x528.jpg 768w\" sizes=\"auto, (max-width: 794px) 100vw, 794px\" \/><figcaption>Para el aspecto de Pol\u00edtica P\u00fablica, el uso apropiado del suelo (26) fue la pregunta mejor valorada, mientras que la gesti\u00f3n de la UMATA para articularse con otras instituciones (33) fue la de menor puntaje.<\/figcaption><\/figure>\n<\/div><\/div>\n<\/div>\n<\/div>\n<\/div>\n\n\n\n<div class=\"wp-block-columns has-background is-layout-flex wp-container-core-columns-is-layout-9d6595d7 wp-block-columns-is-layout-flex\" style=\"background-color:#f2f2f2\">\n<div class=\"wp-block-column is-layout-flow wp-block-column-is-layout-flow\">\n<h3 class=\"has-text-align-center has-white-color has-text-color has-background wp-block-heading\" style=\"background-color:#4c591e\">Acceso a TIC\u2019s<\/h3>\n\n\n\n<div class=\"wp-block-columns is-layout-flex wp-container-core-columns-is-layout-9d6595d7 wp-block-columns-is-layout-flex\">\n<div class=\"wp-block-column is-layout-flow wp-block-column-is-layout-flow\"><div class=\"wp-block-image\">\n<figure class=\"aligncenter size-full\"><img loading=\"lazy\" decoding=\"async\" width=\"725\" height=\"555\" src=\"https:\/\/media2.utp.edu.co\/programas\/111\/2022\/12\/12.-ACCESO-A-TIC-VH.jpg\" alt=\"\" class=\"wp-image-773\" srcset=\"https:\/\/media2.utp.edu.co\/programas\/111\/2022\/12\/12.-ACCESO-A-TIC-VH.jpg 725w, https:\/\/media2.utp.edu.co\/programas\/111\/2022\/12\/12.-ACCESO-A-TIC-VH-300x230.jpg 300w\" sizes=\"auto, (max-width: 725px) 100vw, 725px\" \/><\/figure>\n<\/div><\/div>\n\n\n\n<div class=\"wp-block-column is-layout-flow wp-block-column-is-layout-flow\">\n<p class=\"has-medium-font-size\">En lo concerniente al acceso a TIC\u00b4s, se obtuvo valores muy bajos; sin embargo, la participaci\u00f3n constante en procesos de capacitaci\u00f3n\/cualificaci\u00f3n sobre el sector productivo y nuevos modelos de negocio (57) fue la pregunta mejor valorada, mientras que el registro de m\u00e1quinas\/equipos y m\u00e9todos de producci\u00f3n (56) fue la de menor puntaje.<\/p>\n<\/div>\n<\/div>\n<\/div>\n<\/div>\n","protected":false},"excerpt":{"rendered":"<p>Localizaci\u00f3n y \u00e1rea geogr\u00e1fica El municipio de Vistahermosa se encuentra localizado en la parte Sur de la regi\u00f3n del Piedemonte del Departamento del Meta, a 264 km de Bogot\u00e1 35 y 157 km de Villavicencio. [&hellip;]<\/p>\n","protected":false},"author":37,"featured_media":0,"parent":158,"menu_order":0,"comment_status":"closed","ping_status":"closed","template":"","meta":{"footnotes":""},"class_list":["post-165","page","type-page","status-publish","hentry"],"_links":{"self":[{"href":"https:\/\/agroindustria.utp.edu.co\/conveniomadr\/wp-json\/wp\/v2\/pages\/165","targetHints":{"allow":["GET"]}}],"collection":[{"href":"https:\/\/agroindustria.utp.edu.co\/conveniomadr\/wp-json\/wp\/v2\/pages"}],"about":[{"href":"https:\/\/agroindustria.utp.edu.co\/conveniomadr\/wp-json\/wp\/v2\/types\/page"}],"author":[{"embeddable":true,"href":"https:\/\/agroindustria.utp.edu.co\/conveniomadr\/wp-json\/wp\/v2\/users\/37"}],"replies":[{"embeddable":true,"href":"https:\/\/agroindustria.utp.edu.co\/conveniomadr\/wp-json\/wp\/v2\/comments?post=165"}],"version-history":[{"count":5,"href":"https:\/\/agroindustria.utp.edu.co\/conveniomadr\/wp-json\/wp\/v2\/pages\/165\/revisions"}],"predecessor-version":[{"id":778,"href":"https:\/\/agroindustria.utp.edu.co\/conveniomadr\/wp-json\/wp\/v2\/pages\/165\/revisions\/778"}],"up":[{"embeddable":true,"href":"https:\/\/agroindustria.utp.edu.co\/conveniomadr\/wp-json\/wp\/v2\/pages\/158"}],"wp:attachment":[{"href":"https:\/\/agroindustria.utp.edu.co\/conveniomadr\/wp-json\/wp\/v2\/media?parent=165"}],"curies":[{"name":"wp","href":"https:\/\/api.w.org\/{rel}","templated":true}]}}