{"id":162,"date":"2022-11-29T11:26:25","date_gmt":"2022-11-29T16:26:25","guid":{"rendered":"https:\/\/agroindustria.utp.edu.co\/conveniomadr\/?page_id=162"},"modified":"2022-12-15T22:43:37","modified_gmt":"2022-12-16T03:43:37","slug":"tolima","status":"publish","type":"page","link":"https:\/\/agroindustria.utp.edu.co\/conveniomadr\/departamentos\/tolima\/","title":{"rendered":"Tolima"},"content":{"rendered":"\n<div class=\"wp-block-interactive-geo-maps-display-map\"><div class=\"map_wrapper\" id=\"map_wrapper_64\">\n<div class=\"map_box\" style=\"max-width:2000px\">\n<div class=\"map_aspect_ratio\" style=\"padding-top:56%\" data-padding-top=\"56%\" data-padding-top-mobile=\"0%\">\n<div class=\"map_container\">\n<div class=\"map_render map_loading\" id=\"map_64\"><\/div>\n<\/div>\n<\/div>\n<\/div>\n<\/div><\/div>\n\n\n\n<div style=\"height:100px\" aria-hidden=\"true\" class=\"wp-block-spacer\"><\/div>\n\n\n\n<h3 class=\"has-text-align-center has-white-color has-text-color has-background wp-block-heading\" id=\"meta\" style=\"background-color:#4c591e\">Caracterizaci\u00f3n de los municipios del departamento del Tolima<\/h3>\n\n\n\n<p class=\"has-medium-font-size\">La implementaci\u00f3n del plan piloto en el departamento del Tolima en el marco de la informaci\u00f3n de ciencia, tecnolog\u00eda e innovaci\u00f3n fue llevado a cabo en los municipios de Chaparral y Rovira. Para esto, se les aplic\u00f3 a 300 productores (150 productores en cada municipio) de las cadenas productivas caf\u00e9 y cacao (Chaparral) y cacao, pl\u00e1tano, aguacate y caf\u00e9 (Rovira) un instrumento para recoleccion de informaci\u00f3n.<\/p>\n\n\n\n<p class=\"has-medium-font-size\">En los siguientes enlaces reposa la caracterizaci\u00f3n de los municipios en donde se implement\u00f3 el piloto; esta caracterizaci\u00f3n incluye aspectos de \u00e1rea geogr\u00e1fica, poblaci\u00f3n, dispersi\u00f3n, cadena productiva, producci\u00f3n org\u00e1nica y baja en carbono, brechas a cerrar conforme a la clasificaci\u00f3n de usuarios, acceso a TIC\u00b4s de los pilotos desarrollados.<\/p>\n\n\n\n<h3 class=\"has-text-align-center has-white-color has-text-color has-background wp-block-heading\" style=\"background-color:#4c591e\">Municipios<\/h3>\n\n\n\n<div class=\"wp-block-columns is-layout-flex wp-container-core-columns-is-layout-9d6595d7 wp-block-columns-is-layout-flex\">\n<div class=\"wp-block-column is-layout-flow wp-block-column-is-layout-flow\">\n<div class=\"wp-block-buttons is-content-justification-center is-nowrap is-layout-flex wp-container-core-buttons-is-layout-1fb9aab6 wp-block-buttons-is-layout-flex\">\n<div class=\"wp-block-button has-custom-width wp-block-button__width-100 is-style-fill\"><a class=\"wp-block-button__link has-white-color has-text-color has-background\" href=\"https:\/\/agroindustria.utp.edu.co\/conveniomadr\/departamentos\/tolima\/chaparral\/\" style=\"border-radius:6px;background-color:#99a63c\">Chaparral<\/a><\/div>\n<\/div>\n<\/div>\n\n\n\n<div class=\"wp-block-column is-layout-flow wp-block-column-is-layout-flow\">\n<div class=\"wp-block-buttons is-content-justification-center is-nowrap is-layout-flex wp-container-core-buttons-is-layout-1fb9aab6 wp-block-buttons-is-layout-flex\">\n<div class=\"wp-block-button has-custom-width wp-block-button__width-100 is-style-fill\"><a class=\"wp-block-button__link has-white-color has-text-color has-background\" href=\"https:\/\/agroindustria.utp.edu.co\/conveniomadr\/departamentos\/tolima\/rovira\/\" style=\"border-radius:6px;background-color:#99a63c\">Rovira<\/a><\/div>\n<\/div>\n<\/div>\n<\/div>\n","protected":false},"excerpt":{"rendered":"<p>Caracterizaci\u00f3n de los municipios del departamento del Tolima La implementaci\u00f3n del plan piloto en el departamento del Tolima en el marco de la informaci\u00f3n de ciencia, tecnolog\u00eda e innovaci\u00f3n fue llevado a cabo en los [&hellip;]<\/p>\n","protected":false},"author":37,"featured_media":0,"parent":152,"menu_order":0,"comment_status":"closed","ping_status":"closed","template":"","meta":{"footnotes":""},"class_list":["post-162","page","type-page","status-publish","hentry"],"_links":{"self":[{"href":"https:\/\/agroindustria.utp.edu.co\/conveniomadr\/wp-json\/wp\/v2\/pages\/162","targetHints":{"allow":["GET"]}}],"collection":[{"href":"https:\/\/agroindustria.utp.edu.co\/conveniomadr\/wp-json\/wp\/v2\/pages"}],"about":[{"href":"https:\/\/agroindustria.utp.edu.co\/conveniomadr\/wp-json\/wp\/v2\/types\/page"}],"author":[{"embeddable":true,"href":"https:\/\/agroindustria.utp.edu.co\/conveniomadr\/wp-json\/wp\/v2\/users\/37"}],"replies":[{"embeddable":true,"href":"https:\/\/agroindustria.utp.edu.co\/conveniomadr\/wp-json\/wp\/v2\/comments?post=162"}],"version-history":[{"count":9,"href":"https:\/\/agroindustria.utp.edu.co\/conveniomadr\/wp-json\/wp\/v2\/pages\/162\/revisions"}],"predecessor-version":[{"id":642,"href":"https:\/\/agroindustria.utp.edu.co\/conveniomadr\/wp-json\/wp\/v2\/pages\/162\/revisions\/642"}],"up":[{"embeddable":true,"href":"https:\/\/agroindustria.utp.edu.co\/conveniomadr\/wp-json\/wp\/v2\/pages\/152"}],"wp:attachment":[{"href":"https:\/\/agroindustria.utp.edu.co\/conveniomadr\/wp-json\/wp\/v2\/media?parent=162"}],"curies":[{"name":"wp","href":"https:\/\/api.w.org\/{rel}","templated":true}]}}