{"id":152,"date":"2022-11-29T11:14:03","date_gmt":"2022-11-29T16:14:03","guid":{"rendered":"https:\/\/agroindustria.utp.edu.co\/conveniomadr\/?page_id=152"},"modified":"2022-12-16T02:03:26","modified_gmt":"2022-12-16T07:03:26","slug":"departamentos","status":"publish","type":"page","link":"https:\/\/agroindustria.utp.edu.co\/conveniomadr\/departamentos\/","title":{"rendered":"Departamentos y Municipios"},"content":{"rendered":"\n<div class=\"wp-block-interactive-geo-maps-display-map\"><div class=\"map_wrapper\" id=\"map_wrapper_13\">\n<div class=\"map_box\" style=\"max-width:2000px\">\n<div class=\"map_aspect_ratio\" style=\"padding-top:56%\" data-padding-top=\"56%\" data-padding-top-mobile=\"0%\">\n<div class=\"map_container\">\n<div class=\"map_render map_loading\" id=\"map_13\"><\/div>\n<\/div>\n<\/div>\n<\/div>\n<\/div><\/div>\n\n\n\n<div style=\"height:100px\" aria-hidden=\"true\" class=\"wp-block-spacer\"><\/div>\n\n\n\n<div class=\"wp-block-columns is-layout-flex wp-container-core-columns-is-layout-9d6595d7 wp-block-columns-is-layout-flex\">\n<div class=\"wp-block-column is-vertically-aligned-top has-background is-layout-flow wp-block-column-is-layout-flow\" style=\"background-color:#00000008\">\n<p class=\"has-text-align-center has-white-color has-text-color has-background has-x-large-font-size\" style=\"background-color:#4c591e\"><a href=\"https:\/\/agroindustria.utp.edu.co\/conveniomadr\/departamentos\/bolivar\/\" data-type=\"URL\" data-id=\"https:\/\/agroindustria.utp.edu.co\/conveniomadr\/departamentos\/bolivar\/\">Bolivar<\/a><\/p>\n\n\n<div class=\"wp-block-image is-style-default\">\n<figure class=\"aligncenter size-medium\"><a href=\"\/conveniomadr\/bolivar\/\"><img loading=\"lazy\" decoding=\"async\" width=\"297\" height=\"300\" src=\"https:\/\/media2.utp.edu.co\/programas\/111\/2022\/11\/Escudo_de_Boli\u0301var-297x300.png\" alt=\"\" class=\"wp-image-102\" srcset=\"https:\/\/media2.utp.edu.co\/programas\/111\/2022\/11\/Escudo_de_Boli\u0301var-297x300.png 297w, https:\/\/media2.utp.edu.co\/programas\/111\/2022\/11\/Escudo_de_Boli\u0301var-1013x1024.png 1013w, https:\/\/media2.utp.edu.co\/programas\/111\/2022\/11\/Escudo_de_Boli\u0301var-768x776.png 768w, https:\/\/media2.utp.edu.co\/programas\/111\/2022\/11\/Escudo_de_Boli\u0301var.png 1200w\" sizes=\"auto, (max-width: 297px) 100vw, 297px\" \/><\/a><\/figure>\n<\/div>\n\n\n<div class=\"wp-block-columns are-vertically-aligned-center has-white-color has-text-color is-layout-flex wp-container-core-columns-is-layout-9d6595d7 wp-block-columns-is-layout-flex\">\n<div class=\"wp-block-column is-vertically-aligned-center is-layout-flow wp-block-column-is-layout-flow\">\n<p class=\"has-text-align-center has-white-color has-text-color has-background has-medium-font-size\" style=\"background-color:#8c7530\"><a href=\"https:\/\/agroindustria.utp.edu.co\/conveniomadr\/departamentos\/bolivar\/san-juan-nepomuceno\/\" data-type=\"URL\" data-id=\"https:\/\/agroindustria.utp.edu.co\/conveniomadr\/departamentos\/bolivar\/san-juan-nepomuceno\/\">San Juan Nepomuceno<\/a><\/p>\n<\/div>\n\n\n\n<div class=\"wp-block-column is-vertically-aligned-center is-layout-flow wp-block-column-is-layout-flow\">\n<p class=\"has-text-align-center has-white-color has-text-color has-background has-medium-font-size\" style=\"background-color:#8c7530\"><a href=\"https:\/\/agroindustria.utp.edu.co\/conveniomadr\/departamentos\/bolivar\/santa-rosa-del-sur\/\" data-type=\"URL\" data-id=\"https:\/\/agroindustria.utp.edu.co\/conveniomadr\/departamentos\/bolivar\/santa-rosa-del-sur\/\">Santa Rosa del Sur<\/a><\/p>\n<\/div>\n<\/div>\n<\/div>\n\n\n\n<div class=\"wp-block-column is-vertically-aligned-top has-background is-layout-flow wp-block-column-is-layout-flow\" style=\"background-color:#00000008\">\n<p class=\"has-text-align-center has-white-color has-text-color has-background has-x-large-font-size\" style=\"background-color:#4c591e\"><strong><a href=\"https:\/\/agroindustria.utp.edu.co\/conveniomadr\/departamentos\/choco\/\" data-type=\"URL\" data-id=\"https:\/\/agroindustria.utp.edu.co\/conveniomadr\/departamentos\/choco\/\">Choc\u00f3<\/a><\/strong><\/p>\n\n\n<div class=\"wp-block-image\">\n<figure class=\"aligncenter size-medium is-resized\"><a href=\"\/conveniomadr\/choco\/\"><img loading=\"lazy\" decoding=\"async\" src=\"https:\/\/media2.utp.edu.co\/programas\/111\/2022\/11\/Escudo_del_Choco-209x300.png\" alt=\"\" class=\"wp-image-103\" width=\"209\" height=\"300\" srcset=\"https:\/\/media2.utp.edu.co\/programas\/111\/2022\/11\/Escudo_del_Choco-209x300.png 209w, https:\/\/media2.utp.edu.co\/programas\/111\/2022\/11\/Escudo_del_Choco-712x1024.png 712w, https:\/\/media2.utp.edu.co\/programas\/111\/2022\/11\/Escudo_del_Choco-768x1105.png 768w, https:\/\/media2.utp.edu.co\/programas\/111\/2022\/11\/Escudo_del_Choco-1068x1536.png 1068w, https:\/\/media2.utp.edu.co\/programas\/111\/2022\/11\/Escudo_del_Choco.png 1200w\" sizes=\"auto, (max-width: 209px) 100vw, 209px\" \/><\/a><\/figure>\n<\/div>\n\n\n<div class=\"wp-block-columns are-vertically-aligned-center has-white-color has-text-color is-layout-flex wp-container-core-columns-is-layout-9d6595d7 wp-block-columns-is-layout-flex\">\n<div class=\"wp-block-column is-vertically-aligned-center is-layout-flow wp-block-column-is-layout-flow\">\n<p class=\"has-text-align-center has-white-color has-text-color has-background has-medium-font-size\" style=\"background-color:#8c7530\"><a href=\"https:\/\/agroindustria.utp.edu.co\/conveniomadr\/departamentos\/choco\/jurado\/\" data-type=\"URL\" data-id=\"https:\/\/agroindustria.utp.edu.co\/conveniomadr\/departamentos\/choco\/jurado\/\">Jurad\u00f3<\/a><\/p>\n<\/div>\n\n\n\n<div class=\"wp-block-column is-vertically-aligned-center is-layout-flow wp-block-column-is-layout-flow\">\n<p class=\"has-text-align-center has-white-color has-text-color has-background has-medium-font-size\" style=\"background-color:#8c7530\"><a href=\"https:\/\/agroindustria.utp.edu.co\/conveniomadr\/departamentos\/choco\/san-jose-del-palmar\/\" data-type=\"URL\" data-id=\"https:\/\/agroindustria.utp.edu.co\/conveniomadr\/departamentos\/choco\/san-jose-del-palmar\/\">San Jos\u00e9 del Palmar<\/a><\/p>\n<\/div>\n<\/div>\n<\/div>\n<\/div>\n\n\n\n<div class=\"wp-block-columns is-layout-flex wp-container-core-columns-is-layout-9d6595d7 wp-block-columns-is-layout-flex\">\n<div class=\"wp-block-column is-vertically-aligned-top has-background is-layout-flow wp-block-column-is-layout-flow\" style=\"background-color:#00000008\">\n<p class=\"has-text-align-center has-white-color has-text-color has-background has-x-large-font-size\" style=\"background-color:#4c591e\"><a href=\"https:\/\/agroindustria.utp.edu.co\/conveniomadr\/departamentos\/meta\/\" data-type=\"URL\" data-id=\"https:\/\/agroindustria.utp.edu.co\/conveniomadr\/departamentos\/meta\/\">Meta<\/a><\/p>\n\n\n<div class=\"wp-block-image\">\n<figure class=\"aligncenter size-medium is-resized\"><a href=\"\/conveniomadr\/meta\/\"><img loading=\"lazy\" decoding=\"async\" src=\"https:\/\/media2.utp.edu.co\/programas\/111\/2022\/11\/Escudo_del_Meta-300x250.png\" alt=\"\" class=\"wp-image-104\" width=\"350\" height=\"300\" \/><\/a><\/figure>\n<\/div>\n\n\n<div class=\"wp-block-columns are-vertically-aligned-center has-white-color has-text-color is-layout-flex wp-container-core-columns-is-layout-9d6595d7 wp-block-columns-is-layout-flex\">\n<div class=\"wp-block-column is-vertically-aligned-center is-layout-flow wp-block-column-is-layout-flow\">\n<p class=\"has-text-align-center has-white-color has-text-color has-background has-medium-font-size\" style=\"background-color:#8c7530\"><a href=\"https:\/\/agroindustria.utp.edu.co\/conveniomadr\/departamentos\/meta\/vista-hermosa\/\" data-type=\"URL\" data-id=\"https:\/\/agroindustria.utp.edu.co\/conveniomadr\/departamentos\/meta\/vista-hermosa\/\">Vistahermosa<\/a><\/p>\n<\/div>\n\n\n\n<div class=\"wp-block-column is-vertically-aligned-center is-layout-flow wp-block-column-is-layout-flow\">\n<p class=\"has-text-align-center has-white-color has-text-color has-background has-medium-font-size\" style=\"background-color:#8c7530\"><a href=\"https:\/\/agroindustria.utp.edu.co\/conveniomadr\/departamentos\/meta\/cabuyaro\/\" data-type=\"URL\" data-id=\"https:\/\/agroindustria.utp.edu.co\/conveniomadr\/departamentos\/meta\/cabuyaro\/\">Cabuyaro<\/a><\/p>\n<\/div>\n<\/div>\n<\/div>\n\n\n\n<div class=\"wp-block-column is-vertically-aligned-top has-background is-layout-flow wp-block-column-is-layout-flow\" style=\"background-color:#00000008\">\n<p class=\"has-text-align-center has-white-color has-text-color has-background has-x-large-font-size\" style=\"background-color:#4c591e\"><strong><a href=\"https:\/\/agroindustria.utp.edu.co\/conveniomadr\/departamentos\/tolima\/\" data-type=\"URL\" data-id=\"https:\/\/agroindustria.utp.edu.co\/conveniomadr\/departamentos\/tolima\/\">Tolima<\/a><\/strong><\/p>\n\n\n<div class=\"wp-block-image\">\n<figure class=\"aligncenter size-medium\"><a href=\"\/conveniomadr\/tolima\/\"><img loading=\"lazy\" decoding=\"async\" width=\"224\" height=\"300\" src=\"https:\/\/media2.utp.edu.co\/programas\/111\/2022\/11\/Escudo_del_Tolima-224x300.png\" alt=\"\" class=\"wp-image-105\" srcset=\"https:\/\/media2.utp.edu.co\/programas\/111\/2022\/11\/Escudo_del_Tolima-224x300.png 224w, https:\/\/media2.utp.edu.co\/programas\/111\/2022\/11\/Escudo_del_Tolima-765x1024.png 765w, https:\/\/media2.utp.edu.co\/programas\/111\/2022\/11\/Escudo_del_Tolima-768x1028.png 768w, https:\/\/media2.utp.edu.co\/programas\/111\/2022\/11\/Escudo_del_Tolima-1147x1536.png 1147w, https:\/\/media2.utp.edu.co\/programas\/111\/2022\/11\/Escudo_del_Tolima.png 1200w\" sizes=\"auto, (max-width: 224px) 100vw, 224px\" \/><\/a><\/figure>\n<\/div>\n\n\n<div class=\"wp-block-columns are-vertically-aligned-center has-white-color has-text-color is-layout-flex wp-container-core-columns-is-layout-9d6595d7 wp-block-columns-is-layout-flex\">\n<div class=\"wp-block-column is-vertically-aligned-center is-layout-flow wp-block-column-is-layout-flow\">\n<p class=\"has-text-align-center has-white-color has-text-color has-background has-medium-font-size\" style=\"background-color:#8c7530\"><a href=\"https:\/\/agroindustria.utp.edu.co\/conveniomadr\/departamentos\/tolima\/rovira\/\" data-type=\"URL\" data-id=\"https:\/\/agroindustria.utp.edu.co\/conveniomadr\/departamentos\/tolima\/rovira\/\">Rovira<\/a><\/p>\n<\/div>\n\n\n\n<div class=\"wp-block-column is-vertically-aligned-center is-layout-flow wp-block-column-is-layout-flow\">\n<p class=\"has-text-align-center has-white-color has-text-color has-background has-medium-font-size\" style=\"background-color:#8c7530\"><a href=\"https:\/\/agroindustria.utp.edu.co\/conveniomadr\/departamentos\/tolima\/chaparral\/\" data-type=\"URL\" data-id=\"https:\/\/agroindustria.utp.edu.co\/conveniomadr\/departamentos\/tolima\/chaparral\/\">Chaparral<\/a><\/p>\n<\/div>\n<\/div>\n<\/div>\n<\/div>\n","protected":false},"excerpt":{"rendered":"<p>Bolivar San Juan Nepomuceno Santa Rosa del Sur Choc\u00f3 Jurad\u00f3 San Jos\u00e9 del Palmar Meta Vistahermosa Cabuyaro Tolima Rovira Chaparral<\/p>\n","protected":false},"author":37,"featured_media":0,"parent":0,"menu_order":0,"comment_status":"closed","ping_status":"closed","template":"","meta":{"footnotes":""},"class_list":["post-152","page","type-page","status-publish","hentry"],"_links":{"self":[{"href":"https:\/\/agroindustria.utp.edu.co\/conveniomadr\/wp-json\/wp\/v2\/pages\/152","targetHints":{"allow":["GET"]}}],"collection":[{"href":"https:\/\/agroindustria.utp.edu.co\/conveniomadr\/wp-json\/wp\/v2\/pages"}],"about":[{"href":"https:\/\/agroindustria.utp.edu.co\/conveniomadr\/wp-json\/wp\/v2\/types\/page"}],"author":[{"embeddable":true,"href":"https:\/\/agroindustria.utp.edu.co\/conveniomadr\/wp-json\/wp\/v2\/users\/37"}],"replies":[{"embeddable":true,"href":"https:\/\/agroindustria.utp.edu.co\/conveniomadr\/wp-json\/wp\/v2\/comments?post=152"}],"version-history":[{"count":29,"href":"https:\/\/agroindustria.utp.edu.co\/conveniomadr\/wp-json\/wp\/v2\/pages\/152\/revisions"}],"predecessor-version":[{"id":761,"href":"https:\/\/agroindustria.utp.edu.co\/conveniomadr\/wp-json\/wp\/v2\/pages\/152\/revisions\/761"}],"wp:attachment":[{"href":"https:\/\/agroindustria.utp.edu.co\/conveniomadr\/wp-json\/wp\/v2\/media?parent=152"}],"curies":[{"name":"wp","href":"https:\/\/api.w.org\/{rel}","templated":true}]}}